{"id":565,"date":"2024-07-23T10:45:32","date_gmt":"2024-07-23T09:45:32","guid":{"rendered":"https:\/\/villaribeiro.com\/contacts\/"},"modified":"2026-04-14T21:10:03","modified_gmt":"2026-04-14T20:10:03","slug":"contactos","status":"publish","type":"page","link":"https:\/\/villaribeiro.com\/fr\/contactos\/","title":{"rendered":"Contacts"},"content":{"rendered":"\n<div class=\"wp-block-group alignfull has-global-padding is-layout-constrained wp-container-core-group-is-layout-b8ffafcf wp-block-group-is-layout-constrained\" style=\"border-style:none;border-width:0px;margin-top:0;margin-bottom:0;padding-top:var(--wp--preset--spacing--20);padding-right:0;padding-bottom:var(--wp--preset--spacing--20);padding-left:0\">\n<div class=\"wp-block-group alignfull is-horizontal is-content-justification-center is-layout-flex wp-container-core-group-is-layout-e39a34e9 wp-block-group-is-layout-flex\" style=\"border-style:none;border-width:0px;border-radius:0px;min-height:0px;margin-top:0;margin-bottom:0;padding-top:0;padding-right:0;padding-bottom:0.5rem;padding-left:0\">\n<div class=\"wp-block-group has-background wp-container-content-eda64d1b is-content-justification-center is-nowrap is-layout-flex wp-container-core-group-is-layout-b3c532de wp-block-group-is-layout-flex\" style=\"border-radius:4px;background-color:#7bb199;min-height:382px;margin-top:0;margin-bottom:0;padding-top:0;padding-right:0;padding-bottom:0;padding-left:0\">\n<div class=\"wp-block-group has-background has-medium-font-size wp-container-content-2d9151f8 is-vertical is-content-justification-center is-layout-flex wp-container-core-group-is-layout-d3ef2459 wp-block-group-is-layout-flex\" style=\"background-color:#ffffff;min-height:374px;margin-top:0;margin-bottom:0;padding-top:var(--wp--preset--spacing--20);padding-right:var(--wp--preset--spacing--20);padding-bottom:var(--wp--preset--spacing--20);padding-left:var(--wp--preset--spacing--20)\">\n<h3 class=\"wp-block-heading has-text-align-center has-background-color has-text-color has-link-color has-medium-font-size wp-elements-2bdec7617062b785bb94edf97abc7f54\" id=\"contactos\" style=\"padding-top:0.5rem;padding-right:0;padding-bottom:0px;padding-left:0\">Contacts<\/h3>\n\n\n\n<p class=\"has-text-align-left has-background-color has-text-color has-link-color wp-elements-ddfa650fa129d8b268db9df1ee0ab910\" style=\"margin-top:0px;margin-right:0;margin-bottom:0;margin-left:0;padding-top:0;padding-right:0;padding-bottom:0;padding-left:0;font-size:clamp(0.875rem, 0.875rem + ((1vw - 0.2rem) * 0.042), 0.9rem);\"><a href=\"mailto:info@villaribeiro.com\" title=\"\">info@villaribeiro.com<\/a> | <a href=\"tel:+351258561007\" title=\"+351 258 561 007\">+351 258 561 007<\/a><\/p>\n\n\n<style id=\"wpforms-css-vars-207-block-4b5c1362-4d64-49c9-94e4-92ec890d2164\">\n\t\t\t\t#wpforms-207.wpforms-block-4b5c1362-4d64-49c9-94e4-92ec890d2164 {\n\t\t\t\t--wpforms-label-color: #3f5762;\n--wpforms-button-background-color: #0a5538;\n--wpforms-field-size-input-height: 31px;\n--wpforms-field-size-input-spacing: 10px;\n--wpforms-field-size-font-size: 14px;\n--wpforms-field-size-line-height: 17px;\n--wpforms-field-size-padding-h: 9px;\n--wpforms-field-size-checkbox-size: 14px;\n--wpforms-field-size-sublabel-spacing: 5px;\n--wpforms-field-size-icon-size: 0.75;\n--wpforms-label-size-font-size: 14px;\n--wpforms-label-size-line-height: 17px;\n--wpforms-label-size-sublabel-font-size: 13px;\n--wpforms-label-size-sublabel-line-height: 16px;\n--wpforms-button-size-font-size: 14px;\n--wpforms-button-size-height: 37px;\n--wpforms-button-size-padding-h: 15px;\n--wpforms-button-size-margin-top: 5px;\n\t\t\t}\n\t\t\t<\/style><style id=\"wpforms-custom-css-207-block-4b5c1362-4d64-49c9-94e4-92ec890d2164\">\n\t\t\t\t.wpforms-field {\n  padding-bottom: 0 !important;\n}\n\n.wpforms-field-large {\nmargin-top: -10px !important\n}\n\n.wpforms-form .wpforms-field.wpforms-field-textarea .wpforms-field-label {\n    margin-bottom: 0;\n    padding: 0;\n}\n\n.wpforms-form .wpforms-field.wpforms-field-checkbox {\n    margin-bottom: -10px\n!important\n}\n\n\/* Disable form validation error messages *\/\n\/* @link https:\/\/wpforms.com\/developers\/how-to-add-custom-css-styles-for-wpforms\/ *\/\n.wpforms-field-required ~ em, input.wpforms-error ~ em {\n  display: none !important;\n}\n.wpforms-field-required ~ em, input.wpforms-error ~ em {\n  display: none !important;\n}\n\t\t\t<\/style><div class=\"wpforms-container wpforms-container-full wpforms-block wpforms-block-4b5c1362-4d64-49c9-94e4-92ec890d2164 wpforms-render-modern\" id=\"wpforms-207\"><form id=\"wpforms-form-207\" class=\"wpforms-validate wpforms-form wpforms-ajax-form\" data-formid=\"207\" method=\"post\" enctype=\"multipart\/form-data\" action=\"\/fr\/wp-json\/wp\/v2\/pages\/565\" data-token=\"342e70e9a11e0a2e2ac997f57b92dd3b\" data-token-time=\"1777977522\"><noscript class=\"wpforms-error-noscript\">Veuillez activer JavaScript dans votre navigateur pour remplir ce formulaire.<\/noscript><div id=\"wpforms-error-noscript\" style=\"display: none;\">Veuillez activer JavaScript dans votre navigateur pour remplir ce formulaire.<\/div><div class=\"wpforms-field-container\">\t\t<div id=\"wpforms-207-field_5-container\"\n\t\t\tclass=\"wpforms-field wpforms-field-text\"\n\t\t\tdata-field-type=\"text\"\n\t\t\tdata-field-id=\"5\"\n\t\t\t>\n\t\t\t<label class=\"wpforms-field-label\" for=\"wpforms-207-field_5\" >ou Email Nom<\/label>\n\t\t\t<input type=\"text\" id=\"wpforms-207-field_5\" class=\"wpforms-field-medium\" name=\"wpforms[fields][5]\" >\n\t\t<\/div>\n\t\t<div id=\"wpforms-207-field_1-container\" class=\"wpforms-field wpforms-field-name\" data-field-id=\"1\"><label class=\"wpforms-field-label wpforms-label-hide\" for=\"wpforms-207-field_1\" aria-hidden=\"false\">Nom <span class=\"wpforms-required-label\" aria-hidden=\"true\">*<\/span><\/label><input type=\"text\" id=\"wpforms-207-field_1\" class=\"wpforms-field-large wpforms-field-required\" name=\"wpforms[fields][1]\" placeholder=\"Nom *\" aria-errormessage=\"wpforms-207-field_1-error\" required><\/div><div id=\"wpforms-207-field_2-container\" class=\"wpforms-field wpforms-field-email\" data-field-id=\"2\"><label class=\"wpforms-field-label wpforms-label-hide\" for=\"wpforms-207-field_2\" aria-hidden=\"false\">Email <span class=\"wpforms-required-label\" aria-hidden=\"true\">*<\/span><\/label><input type=\"email\" id=\"wpforms-207-field_2\" class=\"wpforms-field-large wpforms-field-required\" name=\"wpforms[fields][2]\" placeholder=\"Email *\" spellcheck=\"false\" aria-errormessage=\"wpforms-207-field_2-error\" required><\/div><div id=\"wpforms-207-field_3-container\" class=\"wpforms-field wpforms-field-textarea\" data-field-id=\"3\"><label class=\"wpforms-field-label wpforms-label-hide\" for=\"wpforms-207-field_3\" aria-hidden=\"false\">Commentaire ou Message<\/label><textarea id=\"wpforms-207-field_3\" class=\"wpforms-field-small\" name=\"wpforms[fields][3]\" placeholder=\"Commentaire ou Message\" aria-errormessage=\"wpforms-207-field_3-error\" ><\/textarea><\/div><div id=\"wpforms-207-field_4-container\" class=\"wpforms-field wpforms-field-checkbox\" data-field-id=\"4\"><fieldset><legend class=\"wpforms-field-label wpforms-label-hide\" aria-hidden=\"false\">Offres<\/legend><ul id=\"wpforms-207-field_4\"><li class=\"choice-1 depth-1 wpforms-selected\"><input type=\"checkbox\" id=\"wpforms-207-field_4_1\" name=\"wpforms[fields][4][]\" value=\"Je veux recevoir des offres et des nouvelles\" aria-errormessage=\"wpforms-207-field_4_1-error\"   checked='checked'><label class=\"wpforms-field-label-inline\" for=\"wpforms-207-field_4_1\">Je veux recevoir des offres et des nouvelles<\/label><\/li><\/ul><\/fieldset><\/div><script>\n\t\t\t\t( function() {\n\t\t\t\t\tconst style = document.createElement( 'style' );\n\t\t\t\t\tstyle.appendChild( document.createTextNode( '#wpforms-207-field_5-container { position: absolute !important; overflow: hidden !important; display: inline !important; height: 1px !important; width: 1px !important; z-index: -1000 !important; padding: 0 !important; } #wpforms-207-field_5-container input { visibility: hidden; } #wpforms-conversational-form-page #wpforms-207-field_5-container label { counter-increment: none; }' ) );\n\t\t\t\t\tdocument.head.appendChild( style );\n\t\t\t\t\tdocument.currentScript?.remove();\n\t\t\t\t} )();\n\t\t\t<\/script><\/div><!-- .wpforms-field-container --><div class=\"wpforms-submit-container\" ><input type=\"hidden\" name=\"wpforms[id]\" value=\"207\"><input type=\"hidden\" name=\"page_title\" value=\"\"><input type=\"hidden\" name=\"page_url\" value=\"https:\/\/villaribeiro.com\/fr\/wp-json\/wp\/v2\/pages\/565\"><input type=\"hidden\" name=\"url_referer\" value=\"\"><button type=\"submit\" name=\"wpforms[submit]\" id=\"wpforms-submit-207\" class=\"wpforms-submit\" data-alt-text=\"Envoi en cours...\" data-submit-text=\"Envoyer\" aria-live=\"assertive\" value=\"wpforms-submit\">Envoyer<\/button><img loading=\"lazy\" decoding=\"async\" src=\"https:\/\/villaribeiro.com\/wp-content\/plugins\/wpforms-lite\/assets\/images\/submit-spin.svg\" class=\"wpforms-submit-spinner\" style=\"display: none;\" width=\"26\" height=\"26\" alt=\"Chargement en cours\"><\/div><\/form><\/div>  <!-- .wpforms-container --><\/div>\n<\/div>\n\n\n\n<div class=\"wp-block-group has-background wp-container-content-eda64d1b is-horizontal is-content-justification-center is-layout-flex wp-container-core-group-is-layout-01dbf773 wp-block-group-is-layout-flex\" style=\"border-radius:4px;background-color:#7bb199;min-height:382px;margin-top:0;margin-bottom:0;padding-top:0;padding-right:0;padding-bottom:0;padding-left:0\">\n<div class=\"wp-block-group has-background wp-container-content-2d9151f8 is-content-justification-center is-nowrap is-layout-flex wp-container-core-group-is-layout-b3c532de wp-block-group-is-layout-flex\" style=\"background-color:#ffffff;min-height:374px;margin-top:0;margin-bottom:0;padding-top:0;padding-right:0;padding-bottom:0;padding-left:0\"><div class='wpgmza_map_wrapper'><div id=\"wpgmza_map_block_1\" class=\"wpgmza_map wpgmza_standalone_map_block wpgmza-auto-center\" style=\"display:block;width:374px;height:374px;overflow:hidden;position:relative;\" data-maps-engine=\"google-maps\" data-build-engine=\"standalone-block\" data-icon=\"https:\/\/villaribeiro.com\/wp-content\/plugins\/wp-go-maps-block\/images\/icon.png\" data-lat=\"41.91704962911214\" data-lng=\"-8.44620890373535\" data-zoom=\"16\" data-address=\"41.91704962911214, -8.44620890373535\" data-infowindow-mode=\"click\" ><\/div><\/div><\/div>\n<\/div>\n<\/div>\n\n\n\n<div class=\"wp-block-group alignfull is-horizontal is-content-justification-center is-layout-flex wp-container-core-group-is-layout-32b071d1 wp-block-group-is-layout-flex\" style=\"border-style:none;border-width:0px;border-radius:0px;min-height:0px;margin-top:0;margin-bottom:0;padding-top:0;padding-right:0;padding-bottom:0;padding-left:0\">\n<div class=\"wp-block-group has-background wp-container-content-ec4d7973 is-content-justification-center is-nowrap is-layout-flex wp-container-core-group-is-layout-b3c532de wp-block-group-is-layout-flex\" style=\"border-radius:3px;background-color:#7bb199;min-height:590px;margin-top:0;margin-bottom:0;padding-top:0;padding-right:0;padding-bottom:0;padding-left:0\">\n<div class=\"wp-block-group has-background has-medium-font-size wp-container-content-26e45ba0 is-vertical is-content-justification-left is-layout-flex wp-container-core-group-is-layout-79c0f2fa wp-block-group-is-layout-flex\" style=\"background-color:#ffffff;min-height:586px;margin-top:0;margin-bottom:0;padding-top:var(--wp--preset--spacing--20);padding-right:var(--wp--preset--spacing--20);padding-bottom:var(--wp--preset--spacing--20);padding-left:var(--wp--preset--spacing--20)\">\n<div class=\"wp-block-group is-content-justification-left is-nowrap is-layout-flex wp-container-core-group-is-layout-5fd74b09 wp-block-group-is-layout-flex\" style=\"padding-right:0;padding-left:0\">\n<h3 class=\"wp-block-heading has-text-align-center has-background-color has-text-color has-link-color has-medium-font-size wp-elements-2ff788f69cf60de467003ea5c0746660\" style=\"padding-top:var(--wp--preset--spacing--20);padding-right:0;padding-bottom:var(--wp--preset--spacing--20);padding-left:0\">Newsletter<\/h3>\n\n\n\n<div class=\"wp-block-group is-content-justification-right is-nowrap is-layout-flex wp-container-core-group-is-layout-13285048 wp-block-group-is-layout-flex\" style=\"padding-right:0;padding-left:412px\">\n<div class=\"wp-block-buttons has-custom-font-size has-small-font-size wp-container-content-e0b89f81 is-horizontal is-content-justification-right is-nowrap is-layout-flex wp-container-core-buttons-is-layout-3653a7b8 wp-block-buttons-is-layout-flex\" style=\"margin-top:0;margin-bottom:0;padding-top:0;padding-right:0;padding-bottom:0;padding-left:0\">\n<div class=\"wp-block-button has-custom-width wp-block-button__width-100 is-style-fill\"><a class=\"wp-block-button__link has-foreground-color has-text-color has-background has-link-color has-small-font-size has-text-align-center has-custom-font-size wp-element-button\" href=\"https:\/\/villaribeiro.com\/fr\/disponibilite\/\" style=\"border-style:none;border-width:0px;background-color:#7bb199;padding-top:3px;padding-right:var(--wp--preset--spacing--20);padding-bottom:3px;padding-left:var(--wp--preset--spacing--20)\">V\u00e9rifier la Disponibilit\u00e9<\/a><\/div>\n<\/div>\n<\/div>\n<\/div>\n\n\n\n<p class=\"has-text-align-left has-background-color has-text-color has-link-color has-small-font-size wp-elements-31b46b14cc70b2e878ee1f162af2e011\" style=\"margin-top:0px;margin-right:0;margin-bottom:0;margin-left:0;padding-top:0;padding-right:0;padding-bottom:0;padding-left:0\">S&rsquo;abonner \u00e0 notre newsletter, c&rsquo;est comme ouvrir une porte vers un monde de b\u00e9n\u00e9fices exclusifs et de surprises d\u00e9licieuses. Voici pourquoi vous allez adorer:<\/p>\n\n\n\n<ul class=\"wp-block-list has-background-color has-text-color has-link-color has-small-font-size wp-elements-39f8259655b057568f4c3ffc9b6a900b\">\n<li style=\"margin-top:var(--wp--preset--spacing--20);margin-bottom:var(--wp--preset--spacing--20)\"><strong>Offres exclusives<\/strong>: Soyez le premier \u00e0 conna\u00eetre les r\u00e9ductions sp\u00e9ciales et les promotions personnalis\u00e9es r\u00e9serv\u00e9es uniquement \u00e0 nos abonn\u00e9s.<\/li>\n\n\n\n<li style=\"margin-top:var(--wp--preset--spacing--20);margin-bottom:var(--wp--preset--spacing--20)\"><strong>Aper\u00e7us de la nature<\/strong>: Recevez du contenu soigneusement s\u00e9lectionn\u00e9 sur les meilleures activit\u00e9s de plein air, la faune locale et des conseils de conservation de la nature.<\/li>\n\n\n\n<li style=\"margin-top:var(--wp--preset--spacing--20);margin-bottom:var(--wp--preset--spacing--20)\"><strong>Mises \u00e0 jour des \u00e9v\u00e9nements<\/strong>: Restez inform\u00e9 des prochains \u00e9v\u00e9nements, ateliers et activit\u00e9s saisonni\u00e8res \u00e0 la Villa Ribeiro.<\/li>\n\n\n\n<li style=\"margin-top:var(--wp--preset--spacing--20);margin-bottom:var(--wp--preset--spacing--20)\"><strong>Inspiration pour les voyages<\/strong>: Inspirez-vous avec des conseils de voyage, des guides de destinations et des histoires d&rsquo;autres passionn\u00e9s de nature.<\/li>\n\n\n\n<li style=\"margin-top:var(--wp--preset--spacing--20);margin-bottom:var(--wp--preset--spacing--20)\"><strong>Exp\u00e9rience personnalis\u00e9e<\/strong>: Profitez d&rsquo;un s\u00e9jour plus personnalis\u00e9 avec des recommandations bas\u00e9es sur vos pr\u00e9f\u00e9rences et int\u00e9r\u00eats.<\/li>\n<\/ul>\n\n\n\n<p class=\"has-text-align-left has-background-color has-text-color has-link-color has-small-font-size wp-elements-b145bf37030af7bbba300e485b2bf1a5\" style=\"margin-top:0px;margin-right:0;margin-bottom:0;margin-left:0;padding-top:0;padding-right:0;padding-bottom:var(--wp--preset--spacing--20);padding-left:0\">Pr\u00eat \u00e0 plonger dans un monde de nature et d&rsquo;aventure ? Inscrivez-vous maintenant et laissez le voyage commencer! \ud83c\udf3f\u2728<br><br>Vous pouvez vous inscrire <a href=\"#contactos\" title=\"Formulaire de contact\">ici<\/a>.<\/p>\n\n\n\n<div class=\"wp-block-group is-content-justification-right is-nowrap is-layout-flex wp-container-core-group-is-layout-0c7dcf15 wp-block-group-is-layout-flex\" style=\"padding-right:0;padding-left:530px\">\n<div class=\"wp-block-buttons has-custom-font-size has-small-font-size wp-container-content-e0b89f81 is-horizontal is-content-justification-right is-nowrap is-layout-flex wp-container-core-buttons-is-layout-3653a7b8 wp-block-buttons-is-layout-flex\" style=\"margin-top:0;margin-bottom:0;padding-top:0;padding-right:0;padding-bottom:0;padding-left:0\">\n<div class=\"wp-block-button has-custom-width wp-block-button__width-100 is-style-fill\"><a class=\"wp-block-button__link has-foreground-color has-text-color has-background has-link-color has-small-font-size has-text-align-center has-custom-font-size wp-element-button\" href=\"https:\/\/villaribeiro.com\/fr\/disponibilite\/\" style=\"border-style:none;border-width:0px;background-color:#7bb199;padding-top:3px;padding-right:var(--wp--preset--spacing--20);padding-bottom:3px;padding-left:var(--wp--preset--spacing--20)\">V\u00e9rifier la Disponibilit\u00e9<\/a><\/div>\n<\/div>\n<\/div>\n<\/div>\n<\/div>\n<\/div>\n<\/div>\n\n\n\n<p><\/p>\n","protected":false},"excerpt":{"rendered":"<p>Contacts info@villaribeiro.com | +351 258 561 007 Newsletter S&rsquo;abonner \u00e0 notre newsletter, c&rsquo;est comme ouvrir une porte vers un monde de b\u00e9n\u00e9fices exclusifs et de surprises d\u00e9licieuses. Voici pourquoi vous allez adorer: Pr\u00eat \u00e0 plonger dans un monde de nature et d&rsquo;aventure ? Inscrivez-vous maintenant et laissez le voyage commencer! \ud83c\udf3f\u2728 Vous pouvez vous inscrire [&hellip;]<\/p>\n","protected":false},"author":1,"featured_media":0,"parent":0,"menu_order":0,"comment_status":"closed","ping_status":"closed","template":"no-title","meta":{"footnotes":""},"class_list":["post-565","page","type-page","status-publish","hentry"],"_links":{"self":[{"href":"https:\/\/villaribeiro.com\/fr\/wp-json\/wp\/v2\/pages\/565","targetHints":{"allow":["GET"]}}],"collection":[{"href":"https:\/\/villaribeiro.com\/fr\/wp-json\/wp\/v2\/pages"}],"about":[{"href":"https:\/\/villaribeiro.com\/fr\/wp-json\/wp\/v2\/types\/page"}],"author":[{"embeddable":true,"href":"https:\/\/villaribeiro.com\/fr\/wp-json\/wp\/v2\/users\/1"}],"replies":[{"embeddable":true,"href":"https:\/\/villaribeiro.com\/fr\/wp-json\/wp\/v2\/comments?post=565"}],"version-history":[{"count":3,"href":"https:\/\/villaribeiro.com\/fr\/wp-json\/wp\/v2\/pages\/565\/revisions"}],"predecessor-version":[{"id":1166,"href":"https:\/\/villaribeiro.com\/fr\/wp-json\/wp\/v2\/pages\/565\/revisions\/1166"}],"wp:attachment":[{"href":"https:\/\/villaribeiro.com\/fr\/wp-json\/wp\/v2\/media?parent=565"}],"curies":[{"name":"wp","href":"https:\/\/api.w.org\/{rel}","templated":true}]}}