{"id":551,"date":"2025-01-08T14:40:58","date_gmt":"2025-01-08T14:40:58","guid":{"rendered":"https:\/\/villaribeiro.com\/parc-national\/"},"modified":"2025-01-14T10:19:52","modified_gmt":"2025-01-14T10:19:52","slug":"parquenacional","status":"publish","type":"page","link":"https:\/\/villaribeiro.com\/fr\/parquenacional\/","title":{"rendered":"Parc National"},"content":{"rendered":"\n<div class=\"wp-block-group alignfull has-global-padding is-layout-constrained wp-container-core-group-is-layout-b8ffafcf wp-block-group-is-layout-constrained\" style=\"border-style:none;border-width:0px;margin-top:0;margin-bottom:0;padding-top:var(--wp--preset--spacing--20);padding-right:0;padding-bottom:var(--wp--preset--spacing--20);padding-left:0\">\n<div class=\"wp-block-group alignfull is-horizontal is-content-justification-center is-layout-flex wp-container-core-group-is-layout-e39a34e9 wp-block-group-is-layout-flex\" style=\"border-style:none;border-width:0px;border-radius:0px;min-height:0px;margin-top:0;margin-bottom:0;padding-top:0;padding-right:0;padding-bottom:0.5rem;padding-left:0\">\n<div class=\"wp-block-group has-background wp-container-content-eda64d1b is-content-justification-center is-nowrap is-layout-flex wp-container-core-group-is-layout-b3c532de wp-block-group-is-layout-flex\" style=\"border-radius:4px;background-color:#7bb199;min-height:382px;margin-top:0;margin-bottom:0;padding-top:0;padding-right:0;padding-bottom:0;padding-left:0\">\n<div class=\"wp-block-group has-background has-medium-font-size wp-container-content-2d9151f8 is-vertical is-content-justification-left is-layout-flex wp-container-core-group-is-layout-79c0f2fa wp-block-group-is-layout-flex\" style=\"background-color:#ffffff;min-height:374px;margin-top:0;margin-bottom:0;padding-top:var(--wp--preset--spacing--20);padding-right:var(--wp--preset--spacing--20);padding-bottom:var(--wp--preset--spacing--20);padding-left:var(--wp--preset--spacing--20)\">\n<h3 class=\"wp-block-heading has-text-align-center has-background-color has-text-color has-link-color has-medium-font-size wp-elements-cd3b60540965df8f43267d46479b2591\" style=\"padding-top:var(--wp--preset--spacing--20);padding-right:0;padding-bottom:var(--wp--preset--spacing--20);padding-left:0\">Parc National<\/h3>\n\n\n\n<p class=\"has-text-align-left has-background-color has-text-color has-link-color has-small-font-size wp-elements-e28ef809018d0331bf5ced58374b2c69\" style=\"margin-top:0px;margin-right:0;margin-bottom:0;margin-left:0;padding-top:0;padding-right:0;padding-bottom:0;padding-left:0\">Le Parc National de Peneda-Ger\u00eas est le plus ancien et le seul parc national du Portugal. La r\u00e9gion poss\u00e8de une riche histoire, avec des vestiges humains datant de 6000 av. J.-C. \u00e0 3000 av. J.-C. Des dolmens et des tombes m\u00e9galithiques sont diss\u00e9min\u00e9s dans la r\u00e9gion, notamment pr\u00e8s de Castro Laboreiro et de Mourela. La pr\u00e9sence romaine est visible avec la voie romaine de la Geira, qui relie Braga \u00e0 Astorga. Le nom du parc provient de ses principaux massifs granitiques, la Serra da Peneda et la Serra do Ger\u00eas.<\/p>\n<\/div>\n<\/div>\n\n\n\n<div class=\"wp-block-group has-background wp-container-content-eda64d1b is-horizontal is-content-justification-center is-layout-flex wp-container-core-group-is-layout-01dbf773 wp-block-group-is-layout-flex\" style=\"border-radius:4px;background-color:#7bb199;min-height:382px;margin-top:0;margin-bottom:0;padding-top:0;padding-right:0;padding-bottom:0;padding-left:0\">\n<div class=\"wp-block-group has-background wp-container-content-2d9151f8 is-content-justification-center is-nowrap is-layout-flex wp-container-core-group-is-layout-b3c532de wp-block-group-is-layout-flex\" style=\"background-color:#ffffff;min-height:374px;margin-top:0;margin-bottom:0;padding-top:0;padding-right:0;padding-bottom:0;padding-left:0\">\n<div class=\"alignnormal\"><div id=\"metaslider-id-553\" style=\"max-width: 374px; margin: 0 auto;\" class=\"ml-slider-3-108-0 metaslider metaslider-flex metaslider-553 ml-slider has-onhover-arrows ms-theme-default-base nav-hidden\" role=\"region\" aria-label=\"Parque Nacional [Fr]\" data-height=\"374\" data-width=\"374\">\n    <div id=\"metaslider_container_553\">\n        <div id=\"metaslider_553\">\n            <ul class='slides'>\n                <li style=\"display: block; width: 100%;\" class=\"slide-555 ms-image \" aria-roledescription=\"slide\" data-date=\"2025-01-09 11:29:13\" data-filename=\"parquenacional2-374x374.jpg\" data-slide-type=\"image\"><a href=\"https:\/\/villaribeiro.com\/wp-content\/uploads\/2025\/01\/parquenacional2.jpg\" target=\"_blank\" aria-label=\"Parc National de Peneda-Ger\u00eas\" class=\"metaslider_image_link\"><img loading=\"lazy\" decoding=\"async\" src=\"https:\/\/villaribeiro.com\/wp-content\/uploads\/2025\/01\/parquenacional2-374x374.jpg\" height=\"374\" width=\"374\" alt=\"Parc National de Peneda-Ger\u00eas\" class=\"slider-553 slide-555 msDefaultImage\" title=\"Parc National de Peneda-Ger\u00eas\" \/><\/a><div class=\"caption-wrap\"><div class=\"caption\"><div>Parc National de Peneda-Ger\u00eas<\/div><\/div><\/div><\/li>\n                <li style=\"display: none; width: 100%;\" class=\"slide-556 ms-image \" aria-roledescription=\"slide\" data-date=\"2025-01-09 11:29:14\" data-filename=\"parquenacional1-374x374.jpg\" data-slide-type=\"image\"><a href=\"https:\/\/villaribeiro.com\/wp-content\/uploads\/2025\/01\/parquenacional1.jpg\" target=\"_blank\" aria-label=\"Loup ib\u00e9rique\" class=\"metaslider_image_link\"><img loading=\"lazy\" decoding=\"async\" src=\"https:\/\/villaribeiro.com\/wp-content\/uploads\/2025\/01\/parquenacional1-374x374.jpg\" height=\"374\" width=\"374\" alt=\"Loup ib\u00e9rique\" class=\"slider-553 slide-556 msDefaultImage\" title=\"Loup ib\u00e9rique\" \/><\/a><div class=\"caption-wrap\"><div class=\"caption\"><div>Loup ib\u00e9rique<\/div><\/div><\/div><\/li>\n                <li style=\"display: none; width: 100%;\" class=\"slide-558 ms-image \" aria-roledescription=\"slide\" data-date=\"2025-01-09 11:29:14\" data-filename=\"parquenacional3-374x374.jpg\" data-slide-type=\"image\"><a href=\"https:\/\/villaribeiro.com\/wp-content\/uploads\/2025\/01\/parquenacional3.jpg\" target=\"_blank\" aria-label=\"Cascades dans le Parc National\" class=\"metaslider_image_link\"><img loading=\"lazy\" decoding=\"async\" src=\"https:\/\/villaribeiro.com\/wp-content\/uploads\/2025\/01\/parquenacional3-374x374.jpg\" height=\"374\" width=\"374\" alt=\"Cascades dans le Parc National\" class=\"slider-553 slide-558 msDefaultImage\" title=\"Cascades dans le Parc National\" \/><\/a><div class=\"caption-wrap\"><div class=\"caption\"><div>Cascades dans le Parc National<\/div><\/div><\/div><\/li>\n                <li style=\"display: none; width: 100%;\" class=\"slide-559 ms-image \" aria-roledescription=\"slide\" data-date=\"2025-01-09 11:29:14\" data-filename=\"parquenacional6-374x374.jpg\" data-slide-type=\"image\"><a href=\"https:\/\/villaribeiro.com\/wp-content\/uploads\/2025\/01\/parquenacional6.jpg\" target=\"_blank\" aria-label=\"Garrano - Le cheval sauvage du Ger\u00eas\" class=\"metaslider_image_link\"><img loading=\"lazy\" decoding=\"async\" src=\"https:\/\/villaribeiro.com\/wp-content\/uploads\/2025\/01\/parquenacional6-374x374.jpg\" height=\"374\" width=\"374\" alt=\"Garrano - Le cheval sauvage du Ger\u00eas\" class=\"slider-553 slide-559 msDefaultImage\" title=\"Garrano - Le cheval sauvage du Ger\u00eas\" \/><\/a><div class=\"caption-wrap\"><div class=\"caption\"><div>Garrano - Le cheval sauvage du Ger\u00eas<\/div><\/div><\/div><\/li>\n                <li style=\"display: none; width: 100%;\" class=\"slide-560 ms-image \" aria-roledescription=\"slide\" data-date=\"2025-01-09 11:29:15\" data-filename=\"parquenacional5-374x374.jpg\" data-slide-type=\"image\"><a href=\"https:\/\/villaribeiro.com\/wp-content\/uploads\/2025\/01\/parquenacional5.jpg\" target=\"_blank\" aria-label=\"Le bouquetin ib\u00e9rique du Ger\u00eas\" class=\"metaslider_image_link\"><img loading=\"lazy\" decoding=\"async\" src=\"https:\/\/villaribeiro.com\/wp-content\/uploads\/2025\/01\/parquenacional5-374x374.jpg\" height=\"374\" width=\"374\" alt=\"Le bouquetin ib\u00e9rique du Ger\u00eas\" class=\"slider-553 slide-560 msDefaultImage\" title=\"Le bouquetin ib\u00e9rique du Ger\u00eas\" \/><\/a><div class=\"caption-wrap\"><div class=\"caption\"><div>Le bouquetin ib\u00e9rique du Ger\u00eas<\/div><\/div><\/div><\/li>\n                <li style=\"display: none; width: 100%;\" class=\"slide-561 ms-image \" aria-roledescription=\"slide\" data-date=\"2025-01-09 11:29:15\" data-filename=\"parquenacional4-374x374.jpg\" data-slide-type=\"image\"><a href=\"https:\/\/villaribeiro.com\/wp-content\/uploads\/2025\/01\/parquenacional4.jpg\" target=\"_blank\" aria-label=\"Ruisseau dans le Parc National\" class=\"metaslider_image_link\"><img loading=\"lazy\" decoding=\"async\" src=\"https:\/\/villaribeiro.com\/wp-content\/uploads\/2025\/01\/parquenacional4-374x374.jpg\" height=\"374\" width=\"374\" alt=\"Ruisseau dans le Parc National\" class=\"slider-553 slide-561 msDefaultImage\" title=\"Ruisseau dans le Parc National\" \/><\/a><div class=\"caption-wrap\"><div class=\"caption\"><div>Ruisseau dans le Parc National<\/div><\/div><\/div><\/li>\n            <\/ul>\n        <\/div>\n        \n    <\/div>\n<\/div><\/div>\n<\/div>\n<\/div>\n<\/div>\n\n\n\n<div class=\"wp-block-group alignfull is-horizontal is-content-justification-center is-layout-flex wp-container-core-group-is-layout-32b071d1 wp-block-group-is-layout-flex\" style=\"border-style:none;border-width:0px;border-radius:0px;min-height:0px;margin-top:0;margin-bottom:0;padding-top:0;padding-right:0;padding-bottom:0;padding-left:0\">\n<div class=\"wp-block-group has-background wp-container-content-ec4d7973 is-content-justification-center is-nowrap is-layout-flex wp-container-core-group-is-layout-b3c532de wp-block-group-is-layout-flex\" style=\"border-radius:3px;background-color:#7bb199;min-height:616px;margin-top:0;margin-bottom:0;padding-top:0;padding-right:0;padding-bottom:0;padding-left:0\">\n<div class=\"wp-block-group has-background has-medium-font-size wp-container-content-26e45ba0 is-vertical is-content-justification-left is-layout-flex wp-container-core-group-is-layout-79c0f2fa wp-block-group-is-layout-flex\" style=\"background-color:#ffffff;min-height:612px;margin-top:0;margin-bottom:0;padding-top:var(--wp--preset--spacing--20);padding-right:var(--wp--preset--spacing--20);padding-bottom:var(--wp--preset--spacing--20);padding-left:var(--wp--preset--spacing--20)\">\n<div class=\"wp-block-group is-content-justification-left is-nowrap is-layout-flex wp-container-core-group-is-layout-5fd74b09 wp-block-group-is-layout-flex\" style=\"padding-right:0;padding-left:0\">\n<h3 class=\"wp-block-heading has-text-align-center has-background-color has-text-color has-link-color has-medium-font-size wp-elements-fcb6213c784588454431a809ffb68909\" style=\"padding-top:var(--wp--preset--spacing--20);padding-right:0;padding-bottom:var(--wp--preset--spacing--20);padding-left:0\">Activit\u00e9s<\/h3>\n\n\n\n<div class=\"wp-block-group is-content-justification-right is-nowrap is-layout-flex wp-container-core-group-is-layout-9ffba164 wp-block-group-is-layout-flex\" style=\"padding-right:0;padding-left:429px\">\n<div class=\"wp-block-buttons has-custom-font-size has-small-font-size wp-container-content-e0b89f81 is-horizontal is-content-justification-right is-nowrap is-layout-flex wp-container-core-buttons-is-layout-3653a7b8 wp-block-buttons-is-layout-flex\" style=\"margin-top:0;margin-bottom:0;padding-top:0;padding-right:0;padding-bottom:0;padding-left:0\">\n<div class=\"wp-block-button has-custom-width wp-block-button__width-100 has-custom-font-size is-style-fill has-small-font-size\"><a class=\"wp-block-button__link has-foreground-color has-text-color has-background has-link-color has-text-align-center wp-element-button\" href=\"https:\/\/villaribeiro.com\/disponibilidade\/\" style=\"border-style:none;border-width:0px;background-color:#7bb199;padding-top:3px;padding-right:var(--wp--preset--spacing--20);padding-bottom:3px;padding-left:var(--wp--preset--spacing--20)\">V\u00e9rifier la Disponibilit\u00e9<\/a><\/div>\n<\/div>\n<\/div>\n<\/div>\n\n\n\n<p class=\"has-text-align-left has-background-color has-text-color has-link-color has-small-font-size wp-elements-23836275757c14e9926fc3bb813ad5c6\" style=\"margin-top:0px;margin-right:0;margin-bottom:0;margin-left:0;padding-top:0;padding-right:0;padding-bottom:0;padding-left:0\">Le Parc National de Peneda-Ger\u00eas offre une vaste gamme d&rsquo;activit\u00e9s pour les amoureux de la nature et les aventuriers:<\/p>\n\n\n\n<ul class=\"wp-block-list has-background-color has-text-color has-link-color has-small-font-size wp-elements-0c00d5f119c448068ccf60e3efef287a\">\n<li style=\"margin-top:var(--wp--preset--spacing--20);margin-bottom:var(--wp--preset--spacing--20)\"><strong>Randonn\u00e9es<\/strong>: Le parc poss\u00e8de de nombreux sentiers qui traversent de magnifiques paysages, des for\u00eats et longent des rivi\u00e8res.<\/li>\n\n\n\n<li style=\"margin-top:var(--wp--preset--spacing--20);margin-bottom:var(--wp--preset--spacing--20)\"><strong>Observation de la faune<\/strong>: Le parc abrite une vari\u00e9t\u00e9 de faune, y compris des loups, des sangliers, des cerfs et des rapaces.<\/li>\n\n\n\n<li style=\"margin-top:var(--wp--preset--spacing--20);margin-bottom:var(--wp--preset--spacing--20)\"><strong>Baignade<\/strong>: Profitez d&rsquo;une baignade rafra\u00eechissante dans les rivi\u00e8res, lacs et cascades du parc.<\/li>\n\n\n\n<li style=\"margin-top:var(--wp--preset--spacing--20);margin-bottom:var(--wp--preset--spacing--20)\"><strong>Cano\u00eb et kayak<\/strong>: Explorez les cours d&rsquo;eau du parc en cano\u00eb ou en kayak.<\/li>\n\n\n\n<li style=\"margin-top:var(--wp--preset--spacing--20);margin-bottom:var(--wp--preset--spacing--20)\"><strong>VTT<\/strong>: Le parc offre d&rsquo;excellents sentiers pour les amateurs de VTT.<\/li>\n\n\n\n<li style=\"margin-top:var(--wp--preset--spacing--20);margin-bottom:var(--wp--preset--spacing--20)\"><strong>Escalade<\/strong>: Pour ceux qui recherchent un d\u00e9fi, le parc dispose de plusieurs sites d&rsquo;escalade.<\/li>\n\n\n\n<li style=\"margin-top:var(--wp--preset--spacing--20);margin-bottom:var(--wp--preset--spacing--20)\"><strong>Observation des oiseaux<\/strong>: Le parc est un paradis pour les ornithologues, avec de nombreuses esp\u00e8ces \u00e0 observer.<\/li>\n\n\n\n<li style=\"margin-top:var(--wp--preset--spacing--20);margin-bottom:var(--wp--preset--spacing--20)\"><strong>Camping<\/strong>: Passez une nuit sous les \u00e9toiles dans l&rsquo;une des aires de camping d\u00e9sign\u00e9es du parc.<\/li>\n<\/ul>\n\n\n\n<p class=\"has-text-align-left has-background-color has-text-color has-link-color has-small-font-size wp-elements-62d56dacf22c6e6d7fd11971454e4b06\" style=\"margin-top:0px;margin-right:0;margin-bottom:0;margin-left:0;padding-top:0;padding-right:0;padding-bottom:var(--wp--preset--spacing--20);padding-left:0\">Le Parc National de Peneda-Ger\u00eas est un v\u00e9ritable joyau du Portugal, offrant une combinaison id\u00e9ale de beaut\u00e9 naturelle, d&rsquo;importance historique et d&rsquo;aventure en plein air.<\/p>\n\n\n\n<div class=\"wp-block-group is-content-justification-right is-nowrap is-layout-flex wp-container-core-group-is-layout-0c7dcf15 wp-block-group-is-layout-flex\" style=\"padding-right:0;padding-left:530px\">\n<div class=\"wp-block-buttons has-custom-font-size has-small-font-size wp-container-content-e0b89f81 is-horizontal is-content-justification-right is-nowrap is-layout-flex wp-container-core-buttons-is-layout-3653a7b8 wp-block-buttons-is-layout-flex\" style=\"margin-top:0;margin-bottom:0;padding-top:0;padding-right:0;padding-bottom:0;padding-left:0\">\n<div class=\"wp-block-button has-custom-width wp-block-button__width-100 has-custom-font-size is-style-fill has-small-font-size\"><a class=\"wp-block-button__link has-foreground-color has-text-color has-background has-link-color has-text-align-center wp-element-button\" href=\"https:\/\/villaribeiro.com\/en\/disponibilidade\/\" style=\"border-style:none;border-width:0px;background-color:#7bb199;padding-top:3px;padding-right:var(--wp--preset--spacing--20);padding-bottom:3px;padding-left:var(--wp--preset--spacing--20)\">V\u00e9rifier la Disponibilit\u00e9<\/a><\/div>\n<\/div>\n<\/div>\n<\/div>\n<\/div>\n<\/div>\n<\/div>\n\n\n\n<p><\/p>\n","protected":false},"excerpt":{"rendered":"<p>Parc National Le Parc National de Peneda-Ger\u00eas est le plus ancien et le seul parc national du Portugal. La r\u00e9gion poss\u00e8de une riche histoire, avec des vestiges humains datant de 6000 av. J.-C. \u00e0 3000 av. J.-C. Des dolmens et des tombes m\u00e9galithiques sont diss\u00e9min\u00e9s dans la r\u00e9gion, notamment pr\u00e8s de Castro Laboreiro et de [&hellip;]<\/p>\n","protected":false},"author":1,"featured_media":0,"parent":0,"menu_order":0,"comment_status":"closed","ping_status":"closed","template":"no-title","meta":{"footnotes":""},"class_list":["post-551","page","type-page","status-publish","hentry"],"_links":{"self":[{"href":"https:\/\/villaribeiro.com\/fr\/wp-json\/wp\/v2\/pages\/551","targetHints":{"allow":["GET"]}}],"collection":[{"href":"https:\/\/villaribeiro.com\/fr\/wp-json\/wp\/v2\/pages"}],"about":[{"href":"https:\/\/villaribeiro.com\/fr\/wp-json\/wp\/v2\/types\/page"}],"author":[{"embeddable":true,"href":"https:\/\/villaribeiro.com\/fr\/wp-json\/wp\/v2\/users\/1"}],"replies":[{"embeddable":true,"href":"https:\/\/villaribeiro.com\/fr\/wp-json\/wp\/v2\/comments?post=551"}],"version-history":[{"count":3,"href":"https:\/\/villaribeiro.com\/fr\/wp-json\/wp\/v2\/pages\/551\/revisions"}],"predecessor-version":[{"id":779,"href":"https:\/\/villaribeiro.com\/fr\/wp-json\/wp\/v2\/pages\/551\/revisions\/779"}],"wp:attachment":[{"href":"https:\/\/villaribeiro.com\/fr\/wp-json\/wp\/v2\/media?parent=551"}],"curies":[{"name":"wp","href":"https:\/\/api.w.org\/{rel}","templated":true}]}}