{"id":538,"date":"2025-01-08T12:36:43","date_gmt":"2025-01-08T12:36:43","guid":{"rendered":"https:\/\/villaribeiro.com\/arcos-de-valdevez\/"},"modified":"2025-01-14T10:13:17","modified_gmt":"2025-01-14T10:13:17","slug":"arcosdevaldevez","status":"publish","type":"page","link":"https:\/\/villaribeiro.com\/fr\/arcosdevaldevez\/","title":{"rendered":"Arcos de Valdevez"},"content":{"rendered":"\n<div class=\"wp-block-group alignfull has-global-padding is-layout-constrained wp-container-core-group-is-layout-b8ffafcf wp-block-group-is-layout-constrained\" style=\"border-style:none;border-width:0px;margin-top:0;margin-bottom:0;padding-top:var(--wp--preset--spacing--20);padding-right:0;padding-bottom:var(--wp--preset--spacing--20);padding-left:0\">\n<div class=\"wp-block-group alignfull is-horizontal is-content-justification-center is-layout-flex wp-container-core-group-is-layout-e39a34e9 wp-block-group-is-layout-flex\" style=\"border-style:none;border-width:0px;border-radius:0px;min-height:0px;margin-top:0;margin-bottom:0;padding-top:0;padding-right:0;padding-bottom:0.5rem;padding-left:0\">\n<div class=\"wp-block-group has-background wp-container-content-eda64d1b is-content-justification-center is-nowrap is-layout-flex wp-container-core-group-is-layout-b3c532de wp-block-group-is-layout-flex\" style=\"border-radius:4px;background-color:#7bb199;min-height:382px;margin-top:0;margin-bottom:0;padding-top:0;padding-right:0;padding-bottom:0;padding-left:0\">\n<div class=\"wp-block-group has-background has-medium-font-size wp-container-content-2d9151f8 is-vertical is-content-justification-left is-layout-flex wp-container-core-group-is-layout-79c0f2fa wp-block-group-is-layout-flex\" style=\"background-color:#ffffff;min-height:374px;margin-top:0;margin-bottom:0;padding-top:var(--wp--preset--spacing--20);padding-right:var(--wp--preset--spacing--20);padding-bottom:var(--wp--preset--spacing--20);padding-left:var(--wp--preset--spacing--20)\">\n<h3 class=\"wp-block-heading has-text-align-center has-background-color has-text-color has-link-color has-medium-font-size wp-elements-d09a927b1c9787bb8122bb844172d8fc\" style=\"padding-top:var(--wp--preset--spacing--20);padding-right:0;padding-bottom:var(--wp--preset--spacing--20);padding-left:0\">Arcos de Valdevez<\/h3>\n\n\n\n<p class=\"has-text-align-left has-background-color has-text-color has-link-color has-small-font-size wp-elements-cc561882fbf194f6f842c0c0083e3ec2\" style=\"margin-top:0px;margin-right:0;margin-bottom:0;margin-left:0;padding-top:0;padding-right:0;padding-bottom:0;padding-left:0\">Une charmante ville au nord du Portugal, riche en activit\u00e9s pour les visiteurs et en histoire remontant \u00e0 des temps anciens.<br>Les premiers \u00e9tablissements dans la r\u00e9gion ont eu lieu entre le cinqui\u00e8me et le troisi\u00e8me mill\u00e9naire avant J.-C., comme en t\u00e9moignent les d\u00e9couvertes arch\u00e9ologiques de tombes et de gravures rupestres. Pendant le Moyen \u00c2ge, la ville a jou\u00e9 un r\u00f4le significatif dans le d\u00e9veloppement de la r\u00e9gion, avec des ponts m\u00e9di\u00e9vaux strat\u00e9giques et des monast\u00e8res facilitant la colonisation et l&rsquo;expansion.<\/p>\n<\/div>\n<\/div>\n\n\n\n<div class=\"wp-block-group has-background wp-container-content-eda64d1b is-horizontal is-content-justification-center is-layout-flex wp-container-core-group-is-layout-01dbf773 wp-block-group-is-layout-flex\" style=\"border-radius:4px;background-color:#7bb199;min-height:382px;margin-top:0;margin-bottom:0;padding-top:0;padding-right:0;padding-bottom:0;padding-left:0\">\n<div class=\"wp-block-group has-background wp-container-content-2d9151f8 is-content-justification-center is-nowrap is-layout-flex wp-container-core-group-is-layout-b3c532de wp-block-group-is-layout-flex\" style=\"background-color:#ffffff;min-height:374px;margin-top:0;margin-bottom:0;padding-top:0;padding-right:0;padding-bottom:0;padding-left:0\">\n<div class=\"alignnormal\"><div id=\"metaslider-id-540\" style=\"max-width: 374px; margin: 0 auto;\" class=\"ml-slider-3-108-0 metaslider metaslider-flex metaslider-540 ml-slider has-onhover-arrows ms-theme-default-base nav-hidden\" role=\"region\" aria-label=\"Arcos de Valdevez [Fr]\" data-height=\"374\" data-width=\"374\">\n    <div id=\"metaslider_container_540\">\n        <div id=\"metaslider_540\">\n            <ul class='slides'>\n                <li style=\"display: block; width: 100%;\" class=\"slide-542 ms-image \" aria-roledescription=\"slide\" data-date=\"2025-01-09 11:05:10\" data-filename=\"arcosdevaldevez1-374x374.jpg\" data-slide-type=\"image\"><a href=\"https:\/\/villaribeiro.com\/wp-content\/uploads\/2025\/01\/arcosdevaldevez1.jpg\" target=\"_blank\" aria-label=\"Ponte Velha de Arcos de Valdevez\" class=\"metaslider_image_link\"><img loading=\"lazy\" decoding=\"async\" src=\"https:\/\/villaribeiro.com\/wp-content\/uploads\/2025\/01\/arcosdevaldevez1-374x374.jpg\" height=\"374\" width=\"374\" alt=\"Ponte Velha\" class=\"slider-540 slide-542 msDefaultImage\" title=\"Ponte Velha\" \/><\/a><div class=\"caption-wrap\"><div class=\"caption\"><div>Ponte Velha de Arcos de Valdevez<\/div><\/div><\/div><\/li>\n                <li style=\"display: none; width: 100%;\" class=\"slide-543 ms-image \" aria-roledescription=\"slide\" data-date=\"2025-01-09 11:05:11\" data-filename=\"arcosdevaldevez3-374x374.jpg\" data-slide-type=\"image\"><a href=\"https:\/\/villaribeiro.com\/wp-content\/uploads\/2025\/01\/arcosdevaldevez3.jpg\" target=\"_blank\" aria-label=\"La ville d&#039;Arcos de Valdevez\" class=\"metaslider_image_link\"><img loading=\"lazy\" decoding=\"async\" src=\"https:\/\/villaribeiro.com\/wp-content\/uploads\/2025\/01\/arcosdevaldevez3-374x374.jpg\" height=\"374\" width=\"374\" alt=\"La ville d&#039;Arcos de Valdevez\" class=\"slider-540 slide-543 msDefaultImage\" title=\"La ville d&#039;Arcos de Valdevez\" \/><\/a><div class=\"caption-wrap\"><div class=\"caption\"><div>La ville d'Arcos de Valdevez<\/div><\/div><\/div><\/li>\n                <li style=\"display: none; width: 100%;\" class=\"slide-545 ms-image \" aria-roledescription=\"slide\" data-date=\"2025-01-09 11:05:11\" data-filename=\"arcosdevaldevez2-374x374.jpg\" data-slide-type=\"image\"><a href=\"https:\/\/villaribeiro.com\/wp-content\/uploads\/2025\/01\/arcosdevaldevez2.jpg\" target=\"_blank\" aria-label=\"Ponte de Vilela\" class=\"metaslider_image_link\"><img loading=\"lazy\" decoding=\"async\" src=\"https:\/\/villaribeiro.com\/wp-content\/uploads\/2025\/01\/arcosdevaldevez2-374x374.jpg\" height=\"374\" width=\"374\" alt=\"Ponte de Vilela\" class=\"slider-540 slide-545 msDefaultImage\" title=\"Ponte de Vilela\" \/><\/a><div class=\"caption-wrap\"><div class=\"caption\"><div>Ponte de Vilela<\/div><\/div><\/div><\/li>\n                <li style=\"display: none; width: 100%;\" class=\"slide-546 ms-image \" aria-roledescription=\"slide\" data-date=\"2025-01-09 11:05:12\" data-filename=\"arcosdevaldevez4-374x374.jpg\" data-slide-type=\"image\"><a href=\"https:\/\/villaribeiro.com\/wp-content\/uploads\/2025\/01\/arcosdevaldevez4.jpg\" target=\"_blank\" aria-label=\"Aldeia de Sistelo\" class=\"metaslider_image_link\"><img loading=\"lazy\" decoding=\"async\" src=\"https:\/\/villaribeiro.com\/wp-content\/uploads\/2025\/01\/arcosdevaldevez4-374x374.jpg\" height=\"374\" width=\"374\" alt=\"Village de Sistelo\" class=\"slider-540 slide-546 msDefaultImage\" title=\"Village de Sistelo\" \/><\/a><div class=\"caption-wrap\"><div class=\"caption\"><div>Village de Sistelo<\/div><\/div><\/div><\/li>\n                <li style=\"display: none; width: 100%;\" class=\"slide-547 ms-image \" aria-roledescription=\"slide\" data-date=\"2025-01-09 11:05:12\" data-filename=\"arcosdevaldevez5-374x374.jpg\" data-slide-type=\"image\"><a href=\"https:\/\/villaribeiro.com\/wp-content\/uploads\/2025\/01\/arcosdevaldevez5.jpg\" target=\"_blank\" aria-label=\"Sistelo &quot;Tibet portugais&quot;\" class=\"metaslider_image_link\"><img loading=\"lazy\" decoding=\"async\" src=\"https:\/\/villaribeiro.com\/wp-content\/uploads\/2025\/01\/arcosdevaldevez5-374x374.jpg\" height=\"374\" width=\"374\" alt=\"Sistelo &quot;Tibet portugais&quot;\" class=\"slider-540 slide-547 msDefaultImage\" title=\"arcosdevaldevez5\" \/><\/a><div class=\"caption-wrap\"><div class=\"caption\"><div>Sistelo \"Tibet portugais\"<\/div><\/div><\/div><\/li>\n                <li style=\"display: none; width: 100%;\" class=\"slide-548 ms-image \" aria-roledescription=\"slide\" data-date=\"2025-01-09 11:05:13\" data-filename=\"arcosdevaldevez6-374x374.jpg\" data-slide-type=\"image\"><a href=\"https:\/\/villaribeiro.com\/wp-content\/uploads\/2025\/01\/arcosdevaldevez6.jpg\" target=\"_blank\" aria-label=\"Ecovia do Vez\" class=\"metaslider_image_link\"><img loading=\"lazy\" decoding=\"async\" src=\"https:\/\/villaribeiro.com\/wp-content\/uploads\/2025\/01\/arcosdevaldevez6-374x374.jpg\" height=\"374\" width=\"374\" alt=\"Ecovia do Vez\" class=\"slider-540 slide-548 msDefaultImage\" title=\"Ecovia do Vez\" \/><\/a><div class=\"caption-wrap\"><div class=\"caption\"><div>Ecovia do Vez<\/div><\/div><\/div><\/li>\n            <\/ul>\n        <\/div>\n        \n    <\/div>\n<\/div><\/div>\n<\/div>\n<\/div>\n<\/div>\n\n\n\n<div class=\"wp-block-group alignfull is-horizontal is-content-justification-center is-layout-flex wp-container-core-group-is-layout-32b071d1 wp-block-group-is-layout-flex\" style=\"border-style:none;border-width:0px;border-radius:0px;min-height:0px;margin-top:0;margin-bottom:0;padding-top:0;padding-right:0;padding-bottom:0;padding-left:0\">\n<div class=\"wp-block-group has-background wp-container-content-ec4d7973 is-content-justification-center is-nowrap is-layout-flex wp-container-core-group-is-layout-b3c532de wp-block-group-is-layout-flex\" style=\"border-radius:3px;background-color:#7bb199;min-height:780px;margin-top:0;margin-bottom:0;padding-top:0;padding-right:0;padding-bottom:0;padding-left:0\">\n<div class=\"wp-block-group has-background has-medium-font-size wp-container-content-26e45ba0 is-vertical is-content-justification-left is-layout-flex wp-container-core-group-is-layout-79c0f2fa wp-block-group-is-layout-flex\" style=\"background-color:#ffffff;min-height:776px;margin-top:0;margin-bottom:0;padding-top:var(--wp--preset--spacing--20);padding-right:var(--wp--preset--spacing--20);padding-bottom:var(--wp--preset--spacing--20);padding-left:var(--wp--preset--spacing--20)\">\n<div class=\"wp-block-group is-content-justification-left is-nowrap is-layout-flex wp-container-core-group-is-layout-5fd74b09 wp-block-group-is-layout-flex\" style=\"padding-right:0;padding-left:0\">\n<h3 class=\"wp-block-heading has-text-align-center has-background-color has-text-color has-link-color has-medium-font-size wp-elements-fcb6213c784588454431a809ffb68909\" style=\"padding-top:var(--wp--preset--spacing--20);padding-right:0;padding-bottom:var(--wp--preset--spacing--20);padding-left:0\">Activit\u00e9s<\/h3>\n\n\n\n<div class=\"wp-block-group is-content-justification-right is-nowrap is-layout-flex wp-container-core-group-is-layout-9ffba164 wp-block-group-is-layout-flex\" style=\"padding-right:0;padding-left:429px\">\n<div class=\"wp-block-buttons has-custom-font-size has-small-font-size wp-container-content-e0b89f81 is-horizontal is-content-justification-right is-nowrap is-layout-flex wp-container-core-buttons-is-layout-3653a7b8 wp-block-buttons-is-layout-flex\" style=\"margin-top:0;margin-bottom:0;padding-top:0;padding-right:0;padding-bottom:0;padding-left:0\">\n<div class=\"wp-block-button has-custom-width wp-block-button__width-100 has-custom-font-size is-style-fill has-small-font-size\"><a class=\"wp-block-button__link has-foreground-color has-text-color has-background has-link-color has-text-align-center wp-element-button\" href=\"https:\/\/villaribeiro.com\/fr\/disponibilite\/\" style=\"border-style:none;border-width:0px;background-color:#7bb199;padding-top:3px;padding-right:var(--wp--preset--spacing--20);padding-bottom:3px;padding-left:var(--wp--preset--spacing--20)\">V\u00e9rifier la Disponibilit\u00e9<\/a><\/div>\n<\/div>\n<\/div>\n<\/div>\n\n\n\n<p class=\"has-text-align-left has-background-color has-text-color has-link-color has-small-font-size wp-elements-079fe74cd728124304cf879887ff5ece\" style=\"margin-top:0px;margin-right:0;margin-bottom:0;margin-left:0;padding-top:0;padding-right:0;padding-bottom:0;padding-left:0\">Arcos de Valdevez offre une vaste gamme d&rsquo;activit\u00e9s pour les amoureux de la nature, les passionn\u00e9s d&rsquo;histoire et les aventuriers :<\/p>\n\n\n\n<ul class=\"wp-block-list has-background-color has-text-color has-link-color has-small-font-size wp-elements-c0110b88b123486c5b63eea61cbbb28c\">\n<li style=\"margin-top:var(--wp--preset--spacing--20);margin-bottom:var(--wp--preset--spacing--20)\"><strong><a href=\"https:\/\/villaribeiro.com\/fr\/parquenacional\/\" title=\"Parc National\">Parc National de Peneda-Ger\u00eas<\/a><\/strong>: Explorez l&rsquo;une des r\u00e9serves naturelles les plus \u00e9poustouflantes du Portugal, avec des sentiers magnifiques, des cascades et des \u00e9cosyst\u00e8mes uniques.<\/li>\n\n\n\n<li style=\"margin-top:var(--wp--preset--spacing--20);margin-bottom:var(--wp--preset--spacing--20)\"><strong>Passerelles de Sistelo<\/strong>: Connu sous le nom de \u00ab\u00a0Tibet portugais\u00a0\u00bb, ces passerelles en bois m\u00e8nent les visiteurs \u00e0 travers des paysages en terrasses, des greniers traditionnels et des vall\u00e9es verdoyantes.<\/li>\n\n\n\n<li style=\"margin-top:var(--wp--preset--spacing--20);margin-bottom:var(--wp--preset--spacing--20)\"><strong>Fleuve Vez<\/strong>: Profitez de pique-niques, de balades en kayak ou d\u00e9tendez-vous simplement au bord des eaux cristallines du fleuve Vez.<\/li>\n\n\n\n<li style=\"margin-top:var(--wp--preset--spacing--20);margin-bottom:var(--wp--preset--spacing--20)\"><strong>Pa\u00e7o de Giela<\/strong>: Visitez ce manoir m\u00e9di\u00e9val magnifiquement restaur\u00e9 pour d\u00e9couvrir l&rsquo;histoire et l&rsquo;architecture de la r\u00e9gion.<\/li>\n\n\n\n<li style=\"margin-top:var(--wp--preset--spacing--20);margin-bottom:var(--wp--preset--spacing--20)\"><strong>Sanctuaire de Nossa Senhora da Peneda<\/strong>: D\u00e9couvrez ce sanctuaire \u00e9poustouflant situ\u00e9 dans les montagnes, offrant des vues imprenables et une atmosph\u00e8re sereine.<\/li>\n\n\n\n<li style=\"margin-top:var(--wp--preset--spacing--20);margin-bottom:var(--wp--preset--spacing--20)\"><strong>Tours en jeep et trekking fluvial<\/strong>: Pour les plus aventureux, les tours en jeep dans les montagnes de Soajo et Peneda et le trekking fluvial \u00e0 Soajo offrent des exp\u00e9riences palpitantes.<\/li>\n\n\n\n<li style=\"margin-top:var(--wp--preset--spacing--20);margin-bottom:var(--wp--preset--spacing--20)\"><strong>Festivals locaux<\/strong>: Immergez-vous dans la culture vibrante d&rsquo;Arcos de Valdevez en participant \u00e0 des festivals locaux comme la Festa de S\u00e3o Bento, avec de la musique, des danses traditionnelles et de la gastronomie r\u00e9gionale.<\/li>\n<\/ul>\n\n\n\n<p class=\"has-text-align-left has-background-color has-text-color has-link-color has-small-font-size wp-elements-74d2d9c58f7ea7a8f537d7bd5af98e49\" style=\"margin-top:0px;margin-right:0;margin-bottom:0;margin-left:0;padding-top:0;padding-right:0;padding-bottom:var(--wp--preset--spacing--20);padding-left:0\">Arcos de Valdevez est une v\u00e9ritable perle du nord du Portugal, offrant un m\u00e9lange parfait de signification historique et de beaut\u00e9 naturelle. Que vous exploriez des sites anciens ou que vous profitiez d&rsquo;aventures en plein air, cette charmante ville a quelque chose \u00e0 offrir \u00e0 chacun.<\/p>\n\n\n\n<div class=\"wp-block-group is-content-justification-right is-nowrap is-layout-flex wp-container-core-group-is-layout-0c7dcf15 wp-block-group-is-layout-flex\" style=\"padding-right:0;padding-left:530px\">\n<div class=\"wp-block-buttons has-custom-font-size has-small-font-size wp-container-content-e0b89f81 is-horizontal is-content-justification-right is-nowrap is-layout-flex wp-container-core-buttons-is-layout-3653a7b8 wp-block-buttons-is-layout-flex\" style=\"margin-top:0;margin-bottom:0;padding-top:0;padding-right:0;padding-bottom:0;padding-left:0\">\n<div class=\"wp-block-button has-custom-width wp-block-button__width-100 has-custom-font-size is-style-fill has-small-font-size\"><a class=\"wp-block-button__link has-foreground-color has-text-color has-background has-link-color has-text-align-center wp-element-button\" href=\"https:\/\/villaribeiro.com\/fr\/disponibilite\/\" style=\"border-style:none;border-width:0px;background-color:#7bb199;padding-top:3px;padding-right:var(--wp--preset--spacing--20);padding-bottom:3px;padding-left:var(--wp--preset--spacing--20)\">V\u00e9rifier la Disponibilit\u00e9<\/a><\/div>\n<\/div>\n<\/div>\n<\/div>\n<\/div>\n<\/div>\n<\/div>\n\n\n\n<p><\/p>\n","protected":false},"excerpt":{"rendered":"<p>Arcos de Valdevez Une charmante ville au nord du Portugal, riche en activit\u00e9s pour les visiteurs et en histoire remontant \u00e0 des temps anciens.Les premiers \u00e9tablissements dans la r\u00e9gion ont eu lieu entre le cinqui\u00e8me et le troisi\u00e8me mill\u00e9naire avant J.-C., comme en t\u00e9moignent les d\u00e9couvertes arch\u00e9ologiques de tombes et de gravures rupestres. Pendant le [&hellip;]<\/p>\n","protected":false},"author":1,"featured_media":0,"parent":0,"menu_order":0,"comment_status":"closed","ping_status":"closed","template":"no-title","meta":{"footnotes":""},"class_list":["post-538","page","type-page","status-publish","hentry"],"_links":{"self":[{"href":"https:\/\/villaribeiro.com\/fr\/wp-json\/wp\/v2\/pages\/538","targetHints":{"allow":["GET"]}}],"collection":[{"href":"https:\/\/villaribeiro.com\/fr\/wp-json\/wp\/v2\/pages"}],"about":[{"href":"https:\/\/villaribeiro.com\/fr\/wp-json\/wp\/v2\/types\/page"}],"author":[{"embeddable":true,"href":"https:\/\/villaribeiro.com\/fr\/wp-json\/wp\/v2\/users\/1"}],"replies":[{"embeddable":true,"href":"https:\/\/villaribeiro.com\/fr\/wp-json\/wp\/v2\/comments?post=538"}],"version-history":[{"count":6,"href":"https:\/\/villaribeiro.com\/fr\/wp-json\/wp\/v2\/pages\/538\/revisions"}],"predecessor-version":[{"id":773,"href":"https:\/\/villaribeiro.com\/fr\/wp-json\/wp\/v2\/pages\/538\/revisions\/773"}],"wp:attachment":[{"href":"https:\/\/villaribeiro.com\/fr\/wp-json\/wp\/v2\/media?parent=538"}],"curies":[{"name":"wp","href":"https:\/\/api.w.org\/{rel}","templated":true}]}}