{"id":535,"date":"2025-01-07T20:31:36","date_gmt":"2025-01-07T20:31:36","guid":{"rendered":"https:\/\/villaribeiro.com\/spa\/"},"modified":"2025-01-14T09:58:53","modified_gmt":"2025-01-14T09:58:53","slug":"spa","status":"publish","type":"page","link":"https:\/\/villaribeiro.com\/fr\/spa\/","title":{"rendered":"SPA"},"content":{"rendered":"\n<div class=\"wp-block-group alignfull has-global-padding is-layout-constrained wp-container-core-group-is-layout-b8ffafcf wp-block-group-is-layout-constrained\" style=\"border-style:none;border-width:0px;margin-top:0;margin-bottom:0;padding-top:var(--wp--preset--spacing--20);padding-right:0;padding-bottom:var(--wp--preset--spacing--20);padding-left:0\">\n<div class=\"wp-block-group alignfull is-horizontal is-content-justification-center is-layout-flex wp-container-core-group-is-layout-e39a34e9 wp-block-group-is-layout-flex\" style=\"border-style:none;border-width:0px;border-radius:0px;min-height:0px;margin-top:0;margin-bottom:0;padding-top:0;padding-right:0;padding-bottom:0.5rem;padding-left:0\">\n<div class=\"wp-block-group has-background wp-container-content-eda64d1b is-content-justification-center is-nowrap is-layout-flex wp-container-core-group-is-layout-b3c532de wp-block-group-is-layout-flex\" style=\"border-radius:4px;background-color:#7bb199;min-height:382px;margin-top:0;margin-bottom:0;padding-top:0;padding-right:0;padding-bottom:0;padding-left:0\">\n<div class=\"wp-block-group has-background has-medium-font-size wp-container-content-2d9151f8 is-vertical is-content-justification-left is-layout-flex wp-container-core-group-is-layout-79c0f2fa wp-block-group-is-layout-flex\" style=\"background-color:#ffffff;min-height:374px;margin-top:0;margin-bottom:0;padding-top:var(--wp--preset--spacing--20);padding-right:var(--wp--preset--spacing--20);padding-bottom:var(--wp--preset--spacing--20);padding-left:var(--wp--preset--spacing--20)\">\n<h3 class=\"wp-block-heading has-text-align-center has-background-color has-text-color has-link-color has-medium-font-size wp-elements-e3705d47d610aea30762f08f7c9ebfa7\" style=\"padding-top:var(--wp--preset--spacing--20);padding-right:0;padding-bottom:var(--wp--preset--spacing--20);padding-left:0\">SPA<\/h3>\n\n\n\n<p class=\"has-text-align-left has-background-color has-text-color has-link-color has-small-font-size wp-elements-fb81d5284cfcc735e552f74898ba7cbb\" style=\"margin-top:0px;margin-right:0;margin-bottom:0;margin-left:0;padding-top:0;padding-right:0;padding-bottom:0;padding-left:0\">Notre futur SPA est actuellement en concours et sera l&rsquo;endroit parfait pour \u00e9chapper \u00e0 l&rsquo;agitation de la vie quotidienne et se reconnecter avec votre paix int\u00e9rieure. <br><br>L&rsquo;objectif du concours est d&rsquo;inspirer des designs qui capturent l&rsquo;atmosph\u00e8re paisible du Rio Vez, offrant une exp\u00e9rience de bien-\u00eatre r\u00e9fl\u00e9chie et intime. Vous pouvez trouver plus de d\u00e9tails <a href=\"https:\/\/architecturecompetitions.com\/vezriverspa\/\" target=\"_blank\" rel=\"noopener\" title=\"\">ici<\/a>.<\/p>\n<\/div>\n<\/div>\n\n\n\n<div class=\"wp-block-group has-background wp-container-content-eda64d1b is-horizontal is-content-justification-center is-layout-flex wp-container-core-group-is-layout-01dbf773 wp-block-group-is-layout-flex\" style=\"border-radius:4px;background-color:#7bb199;min-height:382px;margin-top:0;margin-bottom:0;padding-top:0;padding-right:0;padding-bottom:0;padding-left:0\">\n<div class=\"wp-block-group has-background wp-container-content-2d9151f8 is-content-justification-center is-nowrap is-layout-flex wp-container-core-group-is-layout-b3c532de wp-block-group-is-layout-flex\" style=\"background-color:#ffffff;min-height:374px;margin-top:0;margin-bottom:0;padding-top:0;padding-right:0;padding-bottom:0;padding-left:0\">\n<div class=\"alignnormal\"><div id=\"metaslider-id-167\" style=\"max-width: 374px; margin: 0 auto;\" class=\"ml-slider-3-109-0 metaslider metaslider-flex metaslider-167 ml-slider has-onhover-arrows ms-theme-default-base nav-hidden\" role=\"region\" aria-label=\"Azenha\" data-height=\"374\" data-width=\"374\">\n    <div id=\"metaslider_container_167\">\n        <div id=\"metaslider_167\">\n            <ul class='slides'>\n                <li style=\"display: block; width: 100%;\" class=\"slide-169 ms-image \" aria-roledescription=\"slide\" data-date=\"2025-01-07 08:50:58\" data-filename=\"villaribeiro7-374x374.jpg\" data-slide-type=\"image\"><a href=\"https:\/\/villaribeiro.com\/wp-content\/uploads\/2025\/01\/villaribeiro7.jpg\" target=\"_blank\" aria-label=\"Moinho\" class=\"metaslider_image_link\"><img loading=\"lazy\" decoding=\"async\" src=\"https:\/\/villaribeiro.com\/wp-content\/uploads\/2025\/01\/villaribeiro7-374x374.jpg\" height=\"374\" width=\"374\" alt=\"\" class=\"slider-167 slide-169 msDefaultImage\" title=\"Moinho\" \/><\/a><div class=\"caption-wrap\"><div class=\"caption\"><div>Moinho<\/div><\/div><\/div><\/li>\n                <li style=\"display: none; width: 100%;\" class=\"slide-170 ms-image \" aria-roledescription=\"slide\" data-date=\"2025-01-07 08:50:58\" data-filename=\"villaribeiro2-374x374.jpg\" data-slide-type=\"image\"><a href=\"https:\/\/villaribeiro.com\/wp-content\/uploads\/2025\/01\/villaribeiro2.jpg\" target=\"_blank\" aria-label=\"Nora\" class=\"metaslider_image_link\"><img loading=\"lazy\" decoding=\"async\" src=\"https:\/\/villaribeiro.com\/wp-content\/uploads\/2025\/01\/villaribeiro2-374x374.jpg\" height=\"374\" width=\"374\" alt=\"\" class=\"slider-167 slide-170 msDefaultImage\" title=\"Nora\" \/><\/a><div class=\"caption-wrap\"><div class=\"caption\"><div>Nora<\/div><\/div><\/div><\/li>\n            <\/ul>\n        <\/div>\n        \n    <\/div>\n<\/div><\/div>\n<\/div>\n<\/div>\n<\/div>\n\n\n\n<div class=\"wp-block-group alignfull is-horizontal is-content-justification-center is-layout-flex wp-container-core-group-is-layout-32b071d1 wp-block-group-is-layout-flex\" style=\"border-style:none;border-width:0px;border-radius:0px;min-height:0px;margin-top:0;margin-bottom:0;padding-top:0;padding-right:0;padding-bottom:0;padding-left:0\">\n<div class=\"wp-block-group has-background wp-container-content-ec4d7973 is-content-justification-center is-nowrap is-layout-flex wp-container-core-group-is-layout-b3c532de wp-block-group-is-layout-flex\" style=\"border-radius:3px;background-color:#7bb199;min-height:652px;margin-top:0;margin-bottom:0;padding-top:0;padding-right:0;padding-bottom:0;padding-left:0\">\n<div class=\"wp-block-group has-background has-medium-font-size wp-container-content-26e45ba0 is-vertical is-content-justification-left is-layout-flex wp-container-core-group-is-layout-79c0f2fa wp-block-group-is-layout-flex\" style=\"background-color:#ffffff;min-height:648px;margin-top:0;margin-bottom:0;padding-top:var(--wp--preset--spacing--20);padding-right:var(--wp--preset--spacing--20);padding-bottom:var(--wp--preset--spacing--20);padding-left:var(--wp--preset--spacing--20)\">\n<div class=\"wp-block-group is-content-justification-left is-nowrap is-layout-flex wp-container-core-group-is-layout-5fd74b09 wp-block-group-is-layout-flex\" style=\"padding-right:0;padding-left:0\">\n<h3 class=\"wp-block-heading has-text-align-center has-background-color has-text-color has-link-color has-medium-font-size wp-elements-3700d9eeaad67a064532fc710f779d49\" style=\"padding-top:var(--wp--preset--spacing--20);padding-right:0;padding-bottom:var(--wp--preset--spacing--20);padding-left:0\">Activit\u00e9s au SPA<\/h3>\n\n\n\n<div class=\"wp-block-group is-content-justification-right is-nowrap is-layout-flex wp-container-core-group-is-layout-3d636cfe wp-block-group-is-layout-flex\" style=\"padding-right:0;padding-left:369px\">\n<div class=\"wp-block-buttons has-custom-font-size has-small-font-size wp-container-content-e0b89f81 is-horizontal is-content-justification-right is-nowrap is-layout-flex wp-container-core-buttons-is-layout-3653a7b8 wp-block-buttons-is-layout-flex\" style=\"margin-top:0;margin-bottom:0;padding-top:0;padding-right:0;padding-bottom:0;padding-left:0\">\n<div class=\"wp-block-button has-custom-width wp-block-button__width-100 has-custom-font-size is-style-fill has-small-font-size\"><a class=\"wp-block-button__link has-foreground-color has-text-color has-background has-link-color has-text-align-center wp-element-button\" href=\"https:\/\/villaribeiro.com\/fr\/disponibilite\/\" style=\"border-style:none;border-width:0px;background-color:#7bb199;padding-top:3px;padding-right:var(--wp--preset--spacing--20);padding-bottom:3px;padding-left:var(--wp--preset--spacing--20)\">V\u00e9rifier la Disponibilit\u00e9<\/a><\/div>\n<\/div>\n<\/div>\n<\/div>\n\n\n\n<p class=\"has-text-align-left has-background-color has-text-color has-link-color has-small-font-size wp-elements-bc0b19b03a65bf9ae4a8694edf389d11\" style=\"margin-top:0px;margin-right:0;margin-bottom:0;margin-left:0;padding-top:0;padding-right:0;padding-bottom:0;padding-left:0\">Le SPA de la Villa Ribeiro offrira une gamme d&rsquo;installations con\u00e7ues pour vous offrir la meilleure exp\u00e9rience de bien-\u00eatre :<\/p>\n\n\n\n<ul class=\"wp-block-list has-background-color has-text-color has-link-color has-small-font-size wp-elements-19b617daa1dd5cfe39dfcbcc0b035768\">\n<li style=\"margin-top:var(--wp--preset--spacing--20);margin-bottom:var(--wp--preset--spacing--20)\"><strong>Jacuzzi<\/strong>: Plongez dans les bulles relaxantes de notre jacuzzi, parfait pour se d\u00e9tendre apr\u00e8s une longue journ\u00e9e d&rsquo;exploration de la nature.<\/li>\n\n\n\n<li style=\"margin-top:var(--wp--preset--spacing--20);margin-bottom:var(--wp--preset--spacing--20)\"><strong>Piscine int\u00e9rieure<\/strong>: Faites un plongeon rafra\u00eechissant dans notre piscine chauff\u00e9e, o\u00f9 vous pouvez profiter d&rsquo;une baignade relaxante, quel que soit le temps qu&rsquo;il fait dehors.<\/li>\n\n\n\n<li style=\"margin-top:var(--wp--preset--spacing--20);margin-bottom:var(--wp--preset--spacing--20)\"><strong>Sauna<\/strong>: D\u00e9couvrez les bienfaits th\u00e9rapeutiques de notre sauna, qui aide \u00e0 d\u00e9toxifier le corps et \u00e0 d\u00e9tendre les muscles.<\/li>\n\n\n\n<li style=\"margin-top:var(--wp--preset--spacing--20);margin-bottom:var(--wp--preset--spacing--20)\"><strong>Douche sensorielle<\/strong>: Profitez de l&rsquo;exp\u00e9rience unique de notre douche sensorielle, con\u00e7ue pour stimuler vos sens avec des environnements, des pressions et des temp\u00e9ratures d&rsquo;eau variables.<\/li>\n\n\n\n<li style=\"margin-top:var(--wp--preset--spacing--20);margin-bottom:var(--wp--preset--spacing--20)\"><strong>Bain turc<\/strong>: Profitez du traditionnel bain turc, un refuge rempli de vapeur qui favorise la relaxation et la purification de la peau.<\/li>\n\n\n\n<li style=\"margin-top:var(--wp--preset--spacing--20);margin-bottom:var(--wp--preset--spacing--20)\"><strong>Salle de massages<\/strong>: Offrez-vous un massage revitalisant dans notre salle de massages tranquille, o\u00f9 des th\u00e9rapeutes qualifi\u00e9s utilisent une vari\u00e9t\u00e9 de techniques pour dissiper le stress et la tension.<\/li>\n<\/ul>\n\n\n\n<p class=\"has-text-align-left has-background-color has-text-color has-link-color has-small-font-size wp-elements-3ab7e39b01454c05e603fad7e40ffe2e\" style=\"margin-top:0px;margin-right:0;margin-bottom:0;margin-left:0;padding-top:0;padding-right:0;padding-bottom:var(--wp--preset--spacing--20);padding-left:0\">Ne manquez pas l&rsquo;occasion d&rsquo;\u00eatre parmi les premiers \u00e0 d\u00e9couvrir notre SPA de derni\u00e8re g\u00e9n\u00e9ration. Abonnez-vous \u00e0 notre newsletter <a href=\"https:\/\/villaribeiro.com\/fr\/contactos\/\" title=\"Contacts\">ici<\/a> et restez inform\u00e9 des nouveaut\u00e9s!<\/p>\n\n\n\n<div class=\"wp-block-group is-content-justification-right is-nowrap is-layout-flex wp-container-core-group-is-layout-0c7dcf15 wp-block-group-is-layout-flex\" style=\"padding-right:0;padding-left:530px\">\n<div class=\"wp-block-buttons has-custom-font-size has-small-font-size wp-container-content-e0b89f81 is-horizontal is-content-justification-right is-nowrap is-layout-flex wp-container-core-buttons-is-layout-3653a7b8 wp-block-buttons-is-layout-flex\" style=\"margin-top:0;margin-bottom:0;padding-top:0;padding-right:0;padding-bottom:0;padding-left:0\">\n<div class=\"wp-block-button has-custom-width wp-block-button__width-100 has-custom-font-size is-style-fill has-small-font-size\"><a class=\"wp-block-button__link has-foreground-color has-text-color has-background has-link-color has-text-align-center wp-element-button\" href=\"https:\/\/villaribeiro.com\/fr\/disponibilite\/\" style=\"border-style:none;border-width:0px;background-color:#7bb199;padding-top:3px;padding-right:var(--wp--preset--spacing--20);padding-bottom:3px;padding-left:var(--wp--preset--spacing--20)\">V\u00e9rifier la Disponibilit\u00e9<\/a><\/div>\n<\/div>\n<\/div>\n<\/div>\n<\/div>\n<\/div>\n<\/div>\n\n\n\n<p><\/p>\n","protected":false},"excerpt":{"rendered":"<p>SPA Notre futur SPA est actuellement en concours et sera l&rsquo;endroit parfait pour \u00e9chapper \u00e0 l&rsquo;agitation de la vie quotidienne et se reconnecter avec votre paix int\u00e9rieure. L&rsquo;objectif du concours est d&rsquo;inspirer des designs qui capturent l&rsquo;atmosph\u00e8re paisible du Rio Vez, offrant une exp\u00e9rience de bien-\u00eatre r\u00e9fl\u00e9chie et intime. Vous pouvez trouver plus de d\u00e9tails [&hellip;]<\/p>\n","protected":false},"author":1,"featured_media":0,"parent":0,"menu_order":0,"comment_status":"closed","ping_status":"closed","template":"no-title","meta":{"footnotes":""},"class_list":["post-535","page","type-page","status-publish","hentry"],"_links":{"self":[{"href":"https:\/\/villaribeiro.com\/fr\/wp-json\/wp\/v2\/pages\/535","targetHints":{"allow":["GET"]}}],"collection":[{"href":"https:\/\/villaribeiro.com\/fr\/wp-json\/wp\/v2\/pages"}],"about":[{"href":"https:\/\/villaribeiro.com\/fr\/wp-json\/wp\/v2\/types\/page"}],"author":[{"embeddable":true,"href":"https:\/\/villaribeiro.com\/fr\/wp-json\/wp\/v2\/users\/1"}],"replies":[{"embeddable":true,"href":"https:\/\/villaribeiro.com\/fr\/wp-json\/wp\/v2\/comments?post=535"}],"version-history":[{"count":4,"href":"https:\/\/villaribeiro.com\/fr\/wp-json\/wp\/v2\/pages\/535\/revisions"}],"predecessor-version":[{"id":767,"href":"https:\/\/villaribeiro.com\/fr\/wp-json\/wp\/v2\/pages\/535\/revisions\/767"}],"wp:attachment":[{"href":"https:\/\/villaribeiro.com\/fr\/wp-json\/wp\/v2\/media?parent=535"}],"curies":[{"name":"wp","href":"https:\/\/api.w.org\/{rel}","templated":true}]}}