{"id":505,"date":"2024-07-23T10:45:35","date_gmt":"2024-07-23T09:45:35","guid":{"rendered":"https:\/\/villaribeiro.com\/reconnectez-vous-avec-la-nature-dans-un-environnement-luxueux\/"},"modified":"2025-01-13T17:12:10","modified_gmt":"2025-01-13T17:12:10","slug":"villaribeiro","status":"publish","type":"page","link":"https:\/\/villaribeiro.com\/fr\/","title":{"rendered":"Reconnectez-vous avec la nature dans un environnement luxueux"},"content":{"rendered":"\n<div class=\"wp-block-group alignfull is-layout-flow wp-container-core-group-is-layout-dc1a1469 wp-block-group-is-layout-flow\" style=\"border-style:none;border-width:0px;margin-top:0;margin-bottom:0;padding-top:var(--wp--preset--spacing--20);padding-right:0;padding-bottom:var(--wp--preset--spacing--20);padding-left:0\">\n<div class=\"wp-block-group alignfull is-horizontal is-content-justification-center is-layout-flex wp-container-core-group-is-layout-e39a34e9 wp-block-group-is-layout-flex\" style=\"border-style:none;border-width:0px;border-radius:0px;min-height:0px;margin-top:0;margin-bottom:0;padding-top:0;padding-right:0;padding-bottom:0.5rem;padding-left:0\">\n<div class=\"wp-block-group has-background wp-container-content-eda64d1b is-content-justification-center is-nowrap is-layout-flex wp-container-core-group-is-layout-b3c532de wp-block-group-is-layout-flex\" style=\"border-radius:4px;background-color:#7bb199;min-height:382px;margin-top:0;margin-bottom:0;padding-top:0;padding-right:0;padding-bottom:0;padding-left:0\">\n<div class=\"wp-block-group has-background has-medium-font-size wp-container-content-2d9151f8 is-vertical is-content-justification-left is-layout-flex wp-container-core-group-is-layout-79c0f2fa wp-block-group-is-layout-flex\" style=\"background-color:#ffffff;min-height:374px;margin-top:0;margin-bottom:0;padding-top:var(--wp--preset--spacing--20);padding-right:var(--wp--preset--spacing--20);padding-bottom:var(--wp--preset--spacing--20);padding-left:var(--wp--preset--spacing--20)\">\n<h3 class=\"wp-block-heading has-text-align-center has-background-color has-text-color has-link-color has-medium-font-size wp-elements-a6a18adc12c2f5dd8a664216eaa1f872\" style=\"padding-top:var(--wp--preset--spacing--20);padding-right:0;padding-bottom:var(--wp--preset--spacing--20);padding-left:0\">Villa Ribeiro<\/h3>\n\n\n\n<p class=\"has-text-align-left has-background-color has-text-color has-link-color has-small-font-size wp-elements-7028822c917275855be7543796a4ae9a\" style=\"margin-top:0px;margin-right:0;margin-bottom:0;margin-left:0;padding-top:0;padding-right:0;padding-bottom:0;padding-left:0\">Situ\u00e9 sur les rives sereines du Rio Vez, dans le nord du Portugal, le moulin centenaire, avec sa roue \u00e0 eau restaur\u00e9e, a autrefois servi de centre d&rsquo;activit\u00e9 local anim\u00e9, moulant des c\u00e9r\u00e9ales et fournissant de la subsistance aux communaut\u00e9s voisines.<\/p>\n\n\n\n<p class=\"has-text-align-left has-background-color has-text-color has-link-color has-small-font-size wp-elements-71eec5c9469a251f4277ee9937119da0\" style=\"margin-top:0px;margin-right:0;margin-bottom:0;margin-left:0;padding-top:0;padding-right:0;padding-bottom:0;padding-left:0\"><br>Le doux flux de la rivi\u00e8re et les sons apaisants de la roue \u00e0 eau cr\u00e9ent une ambiance tranquille, en faisant un lieu parfait pour la r\u00e9flexion et la d\u00e9tente.<\/p>\n<\/div>\n<\/div>\n\n\n\n<div class=\"wp-block-group has-background wp-container-content-eda64d1b is-horizontal is-content-justification-center is-layout-flex wp-container-core-group-is-layout-01dbf773 wp-block-group-is-layout-flex\" style=\"border-radius:4px;background-color:#7bb199;min-height:382px;margin-top:0;margin-bottom:0;padding-top:0;padding-right:0;padding-bottom:0;padding-left:0\">\n<div class=\"wp-block-group has-background wp-container-content-2d9151f8 is-content-justification-center is-nowrap is-layout-flex wp-container-core-group-is-layout-b3c532de wp-block-group-is-layout-flex\" style=\"background-color:#ffffff;min-height:374px;margin-top:0;margin-bottom:0;padding-top:0;padding-right:0;padding-bottom:0;padding-left:0\">\n<div class=\"alignnormal\"><div id=\"metaslider-id-509\" style=\"max-width: 374px; margin: 0 auto;\" class=\"ml-slider-3-108-0 metaslider metaslider-flex metaslider-509 ml-slider has-onhover-arrows ms-theme-default-base nav-hidden\" role=\"region\" aria-label=\"Villa Ribeiro [Fr]\" data-height=\"374\" data-width=\"374\">\n    <div id=\"metaslider_container_509\">\n        <div id=\"metaslider_509\">\n            <ul class='slides'>\n                <li style=\"display: block; width: 100%;\" class=\"slide-511 ms-image \" aria-roledescription=\"slide\" data-date=\"2025-01-09 08:48:15\" data-filename=\"villaribeiro6-374x374.jpg\" data-slide-type=\"image\"><a href=\"https:\/\/villaribeiro.com\/wp-content\/uploads\/2025\/01\/villaribeiro6.jpg\" target=\"_blank\" aria-label=\"Le son serein de la cascade\" class=\"metaslider_image_link\"><img loading=\"lazy\" decoding=\"async\" src=\"https:\/\/villaribeiro.com\/wp-content\/uploads\/2025\/01\/villaribeiro6-374x374.jpg\" height=\"374\" width=\"374\" alt=\"Le son serein de la cascade\" class=\"slider-509 slide-511 msDefaultImage\" title=\"Le son serein de la cascade\" \/><\/a><div class=\"caption-wrap\"><div class=\"caption\"><div>Le son serein de la cascade<\/div><\/div><\/div><\/li>\n                <li style=\"display: none; width: 100%;\" class=\"slide-512 ms-image \" aria-roledescription=\"slide\" data-date=\"2025-01-09 08:48:15\" data-filename=\"villaribeiro5-374x374.jpg\" data-slide-type=\"image\"><a href=\"https:\/\/villaribeiro.com\/wp-content\/uploads\/2025\/01\/villaribeiro5.jpg\" target=\"_blank\" aria-label=\"Piscines naturelles d&#039;eau cristalline\" class=\"metaslider_image_link\"><img loading=\"lazy\" decoding=\"async\" src=\"https:\/\/villaribeiro.com\/wp-content\/uploads\/2025\/01\/villaribeiro5-374x374.jpg\" height=\"374\" width=\"374\" alt=\"Piscines naturelles d&#039;eau cristalline\" class=\"slider-509 slide-512 msDefaultImage\" title=\"Piscines naturelles d&#039;eau cristalline\" \/><\/a><div class=\"caption-wrap\"><div class=\"caption\"><div>Piscines naturelles d'eau cristalline<\/div><\/div><\/div><\/li>\n                <li style=\"display: none; width: 100%;\" class=\"slide-514 ms-image \" aria-roledescription=\"slide\" data-date=\"2025-01-09 08:48:16\" data-filename=\"villaribeiro9-374x374.jpg\" data-slide-type=\"image\"><a href=\"https:\/\/villaribeiro.com\/wp-content\/uploads\/2025\/01\/villaribeiro9.jpg\" target=\"_blank\" aria-label=\"Ruisseau\" class=\"metaslider_image_link\"><img loading=\"lazy\" decoding=\"async\" src=\"https:\/\/villaribeiro.com\/wp-content\/uploads\/2025\/01\/villaribeiro9-374x374.jpg\" height=\"374\" width=\"374\" alt=\"Ruisseau\" class=\"slider-509 slide-514 msDefaultImage\" title=\"Ruisseau\" \/><\/a><div class=\"caption-wrap\"><div class=\"caption\"><div>Ruisseau<\/div><\/div><\/div><\/li>\n                <li style=\"display: none; width: 100%;\" class=\"slide-515 ms-image \" aria-roledescription=\"slide\" data-date=\"2025-01-09 08:48:16\" data-filename=\"villaribeiro1-374x374.jpg\" data-slide-type=\"image\"><a href=\"https:\/\/villaribeiro.com\/wp-content\/uploads\/2025\/01\/villaribeiro1.jpg\" target=\"_blank\" aria-label=\"Parc pour enfants\" class=\"metaslider_image_link\"><img loading=\"lazy\" decoding=\"async\" src=\"https:\/\/villaribeiro.com\/wp-content\/uploads\/2025\/01\/villaribeiro1-374x374.jpg\" height=\"374\" width=\"374\" alt=\"Parc pour enfants\" class=\"slider-509 slide-515 msDefaultImage\" title=\"Playground\" \/><\/a><div class=\"caption-wrap\"><div class=\"caption\"><div>Parc pour enfants<\/div><\/div><\/div><\/li>\n                <li style=\"display: none; width: 100%;\" class=\"slide-516 ms-image \" aria-roledescription=\"slide\" data-date=\"2025-01-09 08:48:17\" data-filename=\"villaribeiro4-374x374.jpg\" data-slide-type=\"image\"><a href=\"https:\/\/villaribeiro.com\/wp-content\/uploads\/2025\/01\/villaribeiro4.jpg\" target=\"_blank\" aria-label=\"Bois de pique-nique\" class=\"metaslider_image_link\"><img loading=\"lazy\" decoding=\"async\" src=\"https:\/\/villaribeiro.com\/wp-content\/uploads\/2025\/01\/villaribeiro4-374x374.jpg\" height=\"374\" width=\"374\" alt=\"Bois de pique-nique\" class=\"slider-509 slide-516 msDefaultImage\" title=\"Bois de pique-nique\" \/><\/a><div class=\"caption-wrap\"><div class=\"caption\"><div>Bois de pique-nique<\/div><\/div><\/div><\/li>\n                <li style=\"display: none; width: 100%;\" class=\"slide-517 ms-image \" aria-roledescription=\"slide\" data-date=\"2025-01-09 08:48:17\" data-filename=\"villaribeiro3-374x374.jpg\" data-slide-type=\"image\"><a href=\"https:\/\/villaribeiro.com\/wp-content\/uploads\/2025\/01\/villaribeiro5.jpg\" target=\"_blank\" aria-label=\"Balades en bateau \u00e0 bord du Paz de Alma\" class=\"metaslider_image_link\"><img loading=\"lazy\" decoding=\"async\" src=\"https:\/\/villaribeiro.com\/wp-content\/uploads\/2025\/01\/villaribeiro3-374x374.jpg\" height=\"374\" width=\"374\" alt=\"Balades en bateau \u00e0 bord du Paz de Alma\" class=\"slider-509 slide-517 msDefaultImage\" title=\"Balades en bateau \u00e0 bord du Paz de Alma\" \/><\/a><div class=\"caption-wrap\"><div class=\"caption\"><div>Balades en bateau \u00e0 bord du Paz de Alma<\/div><\/div><\/div><\/li>\n            <\/ul>\n        <\/div>\n        \n    <\/div>\n<\/div><\/div>\n<\/div>\n<\/div>\n<\/div>\n\n\n\n<div class=\"wp-block-group alignfull is-horizontal is-content-justification-center is-layout-flex wp-container-core-group-is-layout-32b071d1 wp-block-group-is-layout-flex\" style=\"border-style:none;border-width:0px;border-radius:0px;min-height:0px;margin-top:0;margin-bottom:0;padding-top:0;padding-right:0;padding-bottom:0;padding-left:0\">\n<div class=\"wp-block-group has-background wp-container-content-ec4d7973 is-content-justification-center is-nowrap is-layout-flex wp-container-core-group-is-layout-b3c532de wp-block-group-is-layout-flex\" style=\"border-radius:3px;background-color:#7bb199;min-height:2180px;margin-top:0;margin-bottom:0;padding-top:0;padding-right:0;padding-bottom:0;padding-left:0\">\n<div class=\"wp-block-group has-background has-medium-font-size wp-container-content-26e45ba0 is-vertical is-content-justification-left is-nowrap is-layout-flex wp-container-core-group-is-layout-b1ca5f3b wp-block-group-is-layout-flex\" style=\"background-color:#ffffff;min-height:2176px;margin-top:0;margin-bottom:0;padding-top:var(--wp--preset--spacing--20);padding-right:var(--wp--preset--spacing--20);padding-bottom:var(--wp--preset--spacing--20);padding-left:var(--wp--preset--spacing--20)\">\n<div class=\"wp-block-group is-content-justification-left is-nowrap is-layout-flex wp-container-core-group-is-layout-5fd74b09 wp-block-group-is-layout-flex\" style=\"padding-right:0;padding-left:0\">\n<h3 class=\"wp-block-heading has-text-align-center has-background-color has-text-color has-link-color has-medium-font-size wp-elements-25d2321d4064b8a7e7cf49cc83f32e26\" style=\"padding-top:var(--wp--preset--spacing--20);padding-right:0;padding-bottom:var(--wp--preset--spacing--20);padding-left:0\">Activit\u00e9s de plein air<\/h3>\n\n\n\n<div class=\"wp-block-group is-content-justification-right is-nowrap is-layout-flex wp-container-core-group-is-layout-0832bedc wp-block-group-is-layout-flex\" style=\"padding-right:0;padding-left:335px\">\n<div class=\"wp-block-buttons has-custom-font-size has-small-font-size wp-container-content-e0b89f81 is-horizontal is-content-justification-right is-nowrap is-layout-flex wp-container-core-buttons-is-layout-3653a7b8 wp-block-buttons-is-layout-flex\" style=\"margin-top:0;margin-bottom:0;padding-top:0;padding-right:0;padding-bottom:0;padding-left:0\">\n<div class=\"wp-block-button has-custom-width wp-block-button__width-100 has-custom-font-size is-style-fill has-small-font-size\"><a class=\"wp-block-button__link has-foreground-color has-text-color has-background has-link-color has-text-align-center wp-element-button\" href=\"https:\/\/villaribeiro.com\/fr\/disponibilite\/\" style=\"border-style:none;border-width:0px;background-color:#7bb199;padding-top:3px;padding-right:var(--wp--preset--spacing--20);padding-bottom:3px;padding-left:var(--wp--preset--spacing--20)\">V\u00e9rifier la Disponibilit\u00e9<\/a><\/div>\n<\/div>\n<\/div>\n<\/div>\n\n\n\n<p class=\"has-text-align-left has-background-color has-text-color has-link-color has-small-font-size wp-elements-bd54911c4633bce7b0775a932a7ff463\" style=\"margin-top:0px;margin-right:0;margin-bottom:0;margin-left:0;padding-top:0;padding-right:0;padding-bottom:0;padding-left:0\">S\u00e9journer \u00e0 la Villa Ribeiro offre une opportunit\u00e9 unique de s&rsquo;immerger dans la vie en plein air et de profiter d&rsquo;une vari\u00e9t\u00e9 d&rsquo;activit\u00e9s qui vous connectent \u00e0 la nature. Voici quelques activit\u00e9s de plein air dont vous pouvez profiter pendant votre s\u00e9jour:<\/p>\n\n\n\n<ul class=\"wp-block-list has-background-color has-text-color has-link-color has-small-font-size wp-elements-990cce21ce196c3078431fdd08ea63c6\">\n<li style=\"margin-top:var(--wp--preset--spacing--20);margin-bottom:var(--wp--preset--spacing--20)\"><strong>Piscines naturelles<\/strong>: Le point culminant de la Villa Ribeiro est ses magnifiques piscines naturelles, con\u00e7ues pour s&rsquo;int\u00e9grer parfaitement \u00e0 l&rsquo;environnement environnant.<br><br>Pour les adultes, il y a une grande piscine d&rsquo;eau cristalline, aliment\u00e9e par une douce cascade et \u00e9quip\u00e9e d&rsquo;un petit toboggan aquatique. Le doux bruit de l&rsquo;eau en cascade cr\u00e9e une ambiance tranquille, parfaite pour la d\u00e9tente et le rajeunissement. La piscine est entour\u00e9e d&rsquo;une v\u00e9g\u00e9tation luxuriante, offrant un oasis paisible et priv\u00e9 o\u00f9 les invit\u00e9s peuvent se d\u00e9tendre et appr\u00e9cier la beaut\u00e9 de la nature.<br><br>Les enfants ont leur propre zone de piscine d\u00e9di\u00e9e, peu profonde et s\u00e9curis\u00e9e, permettant aux parents de se d\u00e9tendre pendant que leurs enfants jouent.<br><br>Les deux piscines ont \u00e9t\u00e9 con\u00e7ues pour \u00eatre respectueuses de l&rsquo;environnement, utilisant le flux naturel de l&rsquo;eau de la rivi\u00e8re sans avoir besoin de produits chimiques agressifs. La cascade de la rivi\u00e8re non seulement am\u00e9liore l&rsquo;attrait esth\u00e9tique mais aide \u00e9galement \u00e0 oxyg\u00e9ner l&rsquo;eau, cr\u00e9ant une exp\u00e9rience de baignade rafra\u00eechissante et revigorante.<br><br>Que vous souhaitiez faire une baignade tranquille, profiter de l&rsquo;excitation d&rsquo;un toboggan aquatique ou simplement vous d\u00e9tendre au bord de l&rsquo;eau, ces piscines naturelles offrent quelque chose pour tous les go\u00fbts.<\/li>\n\n\n\n<li style=\"margin-top:var(--wp--preset--spacing--20);margin-bottom:var(--wp--preset--spacing--20)\"><strong>Balades en bateau<\/strong>: Montez \u00e0 bord du Paz de Alma et profitez des activit\u00e9s nautiques. Pagayez dans les eaux calmes jusqu&rsquo;au pont romain historique de Vilela, profitez de l&rsquo;ambiance sereine et peut-\u00eatre m\u00eame apercevez quelques animaux sauvages aquatiques.<\/li>\n\n\n\n<li style=\"margin-top:var(--wp--preset--spacing--20);margin-bottom:var(--wp--preset--spacing--20)\"><strong>Pique-niques<\/strong>: Pr\u00e9parez un pique-nique et trouvez un endroit pittoresque pour profiter d&rsquo;un repas en plein air. Que ce soit dans notre bois de pique-nique, au bord de la rivi\u00e8re, dans une prairie ou sous un arbre ombrag\u00e9, faire un pique-nique est une fa\u00e7on d\u00e9licieuse de se connecter avec la nature.<\/li>\n\n\n\n<li style=\"margin-top:var(--wp--preset--spacing--20);margin-bottom:var(--wp--preset--spacing--20)\"><strong>Tours de la faune<\/strong>: Participez \u00e0 des visites guid\u00e9es men\u00e9es par des naturalistes exp\u00e9riment\u00e9s qui peuvent vous apprendre sur la flore et la faune du parc national de Peneda-Ger\u00eas. Ces visites offrent des informations sur l&rsquo;\u00e9cosyst\u00e8me environnant et l&rsquo;opportunit\u00e9 d&rsquo;apercevoir des paysages naturels pr\u00e9serv\u00e9s.<\/li>\n\n\n\n<li style=\"margin-top:var(--wp--preset--spacing--20);margin-bottom:var(--wp--preset--spacing--20)\"><strong>Cyclisme<\/strong>: Louez un v\u00e9lo et explorez le paysage environnant sur deux roues. Faire du v\u00e9lo est une excellente fa\u00e7on de parcourir plus de terrain et de d\u00e9couvrir davantage de beaut\u00e9s naturelles autour de vous. Que vous soyez un cycliste exp\u00e9riment\u00e9 ou un d\u00e9butant, les sentiers de la r\u00e9gion offrent des parcours adapt\u00e9s \u00e0 tous les niveaux. Profitez de l&rsquo;air frais, des vues panoramiques et de l&rsquo;exercice physique tout en vous immergeant dans la nature.<\/li>\n\n\n\n<li style=\"margin-top:var(--wp--preset--spacing--20);margin-bottom:var(--wp--preset--spacing--20)\"><strong>P\u00eache<\/strong>: Pour les amateurs de p\u00eache, la Villa Ribeiro offre un acc\u00e8s \u00e0 la rivi\u00e8re, riche en truites, bogues, barbeaux et occasionnellement des lamproies. Passez une journ\u00e9e relaxante au bord de la rivi\u00e8re, lancez votre ligne et profitez de l&rsquo;environnement paisible. Que vous soyez un p\u00eacheur exp\u00e9riment\u00e9 ou un d\u00e9butant, la rivi\u00e8re offre une exp\u00e9rience de p\u00eache agr\u00e9able et enrichissante.<\/li>\n\n\n\n<li style=\"margin-top:var(--wp--preset--spacing--20);margin-bottom:var(--wp--preset--spacing--20)\"><strong>Plage fluviale<\/strong>: Traversez le pont en pierre, trouvez un endroit confortable sur le rivage sablonneux en face du moulin et profitez du soleil. Apportez une serviette ou une chaise de plage et savourez la chaleur et la s\u00e9r\u00e9nit\u00e9 du cadre riverain. Faites un plongeon rafra\u00eechissant dans les eaux fra\u00eeches et claires de la rivi\u00e8re.<\/li>\n\n\n\n<li style=\"margin-top:var(--wp--preset--spacing--20);margin-bottom:var(--wp--preset--spacing--20)\"><strong>Observation des \u00e9toiles<\/strong>: Profitez du ciel nocturne clair et de la faible pollution lumineuse pour observer les \u00e9toiles. La Villa Ribeiro dispose d&rsquo;un observatoire au dernier \u00e9tage, offrant une vue imprenable sur le ciel \u00e9toil\u00e9. Que vous soyez un astronome amateur ou simplement curieux, l&rsquo;observation des \u00e9toiles est une activit\u00e9 relaxante et enrichissante qui vous connecte \u00e0 l&rsquo;univers.<\/li>\n\n\n\n<li style=\"margin-top:var(--wp--preset--spacing--20);margin-bottom:var(--wp--preset--spacing--20)\"><strong>Reiki et m\u00e9ditation<\/strong>: Nous proposons des s\u00e9ances de Reiki et de m\u00e9ditation en plein air. Pratiquez la pleine conscience et la relaxation dans un environnement naturel paisible, entour\u00e9 par les sons apaisants de la nature. Ces s\u00e9ances sont con\u00e7ues pour vous aider \u00e0 vous reconnecter avec vous-m\u00eame et \u00e0 trouver un \u00e9quilibre int\u00e9rieur.<\/li>\n\n\n\n<li style=\"margin-top:var(--wp--preset--spacing--20);margin-bottom:var(--wp--preset--spacing--20)\"><strong>Parc pour enfants<\/strong>: Cette charmante aire de jeux est con\u00e7ue pour \u00e9veiller la joie et l&rsquo;aventure chez les plus jeunes. Avec une adorable cabane dans les arbres, un toboggan, une balan\u00e7oire et un terrain de football, le parc est ombrag\u00e9 par un vieux ch\u00eane. Les parents peuvent se d\u00e9tendre sur le banc \u00e0 proximit\u00e9, en surveillant attentivement leurs enfants tout en profitant de l&rsquo;environnement paisible.<\/li>\n\n\n\n<li style=\"margin-top:var(--wp--preset--spacing--20);margin-bottom:var(--wp--preset--spacing--20)\"><strong>Observation des oiseaux<\/strong>: Apportez vos jumelles et d\u00e9couvrez les diverses esp\u00e8ces d&rsquo;oiseaux qui habitent la r\u00e9gion. Situ\u00e9e \u00e0 proximit\u00e9 du Parc National, la Villa Ribeiro est un lieu privil\u00e9gi\u00e9 pour l&rsquo;observation des oiseaux, offrant l&rsquo;opportunit\u00e9 de voir des esp\u00e8ces rares et magnifiques. Que vous soyez un ornithologue passionn\u00e9 ou simplement curieux, l&rsquo;observation des oiseaux est une activit\u00e9 enrichissante qui vous connecte \u00e0 la nature.<\/li>\n\n\n\n<li style=\"margin-top:var(--wp--preset--spacing--20);margin-bottom:var(--wp--preset--spacing--20)\"><strong>Photographie<\/strong>: Capturez la beaut\u00e9 de l&rsquo;environnement naturel avec votre appareil photo. Que vous soyez un photographe amateur ou professionnel, la r\u00e9gion naturelle o\u00f9 nous sommes situ\u00e9s offre d&rsquo;innombrables opportunit\u00e9s pour des photos \u00e9poustouflantes. Des paysages pittoresques aux d\u00e9tails de la faune et de la flore, chaque coin de la Villa Ribeiro est une source d&rsquo;inspiration pour les passionn\u00e9s de photographie.<\/li>\n\n\n\n<li style=\"margin-top:var(--wp--preset--spacing--20);margin-bottom:var(--wp--preset--spacing--20)\"><strong>Randonn\u00e9es et promenades dans la nature<\/strong>: Explorez l&rsquo;\u00e9covia et d\u00e9couvrez des sentiers pittoresques qui serpentent \u00e0 travers des for\u00eats, des prairies et le long de la rivi\u00e8re Vez. Profitez de l&rsquo;air frais, observez la faune locale et admirez des vues \u00e0 couper le souffle. Ces activit\u00e9s offrent non seulement une opportunit\u00e9 de se d\u00e9tendre et de se relaxer, mais aussi de se connecter de mani\u00e8re significative avec le monde naturel. Profitez de votre s\u00e9jour et tirez le meilleur parti des aventures en plein air disponibles \u00e0 la Villa Ribeiro!<\/li>\n<\/ul>\n\n\n\n<p class=\"has-text-align-left has-background-color has-text-color has-link-color has-small-font-size wp-elements-24c197cd08dd1e071af5ce4ae0e3fecc\" style=\"margin-top:0px;margin-right:0;margin-bottom:0;margin-left:0;padding-top:0;padding-right:0;padding-bottom:var(--wp--preset--spacing--20);padding-left:0\">Ces activit\u00e9s offrent non seulement une opportunit\u00e9 de se d\u00e9tendre et de se relaxer, mais elles permettent \u00e9galement de se connecter de mani\u00e8re significative avec le monde naturel. Profitez de votre s\u00e9jour et tirez le meilleur parti des aventures en plein air disponibles \u00e0 la Villa Ribeiro!<\/p>\n\n\n\n<div class=\"wp-block-group is-content-justification-right is-nowrap is-layout-flex wp-container-core-group-is-layout-0c7dcf15 wp-block-group-is-layout-flex\" style=\"padding-right:0;padding-left:530px\">\n<div class=\"wp-block-buttons has-custom-font-size has-small-font-size wp-container-content-e0b89f81 is-horizontal is-content-justification-right is-nowrap is-layout-flex wp-container-core-buttons-is-layout-3653a7b8 wp-block-buttons-is-layout-flex\" style=\"margin-top:0;margin-bottom:0;padding-top:0;padding-right:0;padding-bottom:0;padding-left:0\">\n<div class=\"wp-block-button has-custom-width wp-block-button__width-100 has-custom-font-size is-style-fill has-small-font-size\"><a class=\"wp-block-button__link has-foreground-color has-text-color has-background has-link-color has-text-align-center wp-element-button\" href=\"https:\/\/villaribeiro.com\/fr\/disponibilite\/\" style=\"border-style:none;border-width:0px;background-color:#7bb199;padding-top:3px;padding-right:var(--wp--preset--spacing--20);padding-bottom:3px;padding-left:var(--wp--preset--spacing--20)\">V\u00e9rifier la Disponibilit\u00e9<\/a><\/div>\n<\/div>\n<\/div>\n<\/div>\n<\/div>\n<\/div>\n<\/div>\n\n\n\n<p><\/p>\n","protected":false},"excerpt":{"rendered":"<p>Villa Ribeiro Situ\u00e9 sur les rives sereines du Rio Vez, dans le nord du Portugal, le moulin centenaire, avec sa roue \u00e0 eau restaur\u00e9e, a autrefois servi de centre d&rsquo;activit\u00e9 local anim\u00e9, moulant des c\u00e9r\u00e9ales et fournissant de la subsistance aux communaut\u00e9s voisines. Le doux flux de la rivi\u00e8re et les sons apaisants de la [&hellip;]<\/p>\n","protected":false},"author":1,"featured_media":0,"parent":0,"menu_order":0,"comment_status":"closed","ping_status":"closed","template":"no-title","meta":{"footnotes":""},"class_list":["post-505","page","type-page","status-publish","hentry"],"_links":{"self":[{"href":"https:\/\/villaribeiro.com\/fr\/wp-json\/wp\/v2\/pages\/505","targetHints":{"allow":["GET"]}}],"collection":[{"href":"https:\/\/villaribeiro.com\/fr\/wp-json\/wp\/v2\/pages"}],"about":[{"href":"https:\/\/villaribeiro.com\/fr\/wp-json\/wp\/v2\/types\/page"}],"author":[{"embeddable":true,"href":"https:\/\/villaribeiro.com\/fr\/wp-json\/wp\/v2\/users\/1"}],"replies":[{"embeddable":true,"href":"https:\/\/villaribeiro.com\/fr\/wp-json\/wp\/v2\/comments?post=505"}],"version-history":[{"count":10,"href":"https:\/\/villaribeiro.com\/fr\/wp-json\/wp\/v2\/pages\/505\/revisions"}],"predecessor-version":[{"id":753,"href":"https:\/\/villaribeiro.com\/fr\/wp-json\/wp\/v2\/pages\/505\/revisions\/753"}],"wp:attachment":[{"href":"https:\/\/villaribeiro.com\/fr\/wp-json\/wp\/v2\/media?parent=505"}],"curies":[{"name":"wp","href":"https:\/\/api.w.org\/{rel}","templated":true}]}}